{"id":2517,"date":"2025-02-18T08:39:08","date_gmt":"2025-02-18T08:39:08","guid":{"rendered":"https:\/\/ishidaya3.vn\/?page_id=2517"},"modified":"2025-02-27T06:10:27","modified_gmt":"2025-02-27T06:10:27","slug":"apertize","status":"publish","type":"page","link":"https:\/\/ishidaya3.vn\/vi\/menu\/apertize\/","title":{"rendered":"Apertize"},"content":{"rendered":"<div class=\"wp-block-uagb-container uagb-block-d3ceb86e alignfull uagb-is-root-container\"><div class=\"uagb-container-inner-blocks-wrap\">\n<div class=\"wp-block-uagb-info-box uagb-block-33dfeea9 uagb-infobox__content-wrap  uagb-infobox-icon-above-title uagb-infobox-image-valign-top wp-block-uagb-info-box--has-margin\"><div class=\"uagb-infobox-margin-wrapper\"><div class=\"uagb-ifb-content\"><div class=\"uagb-ifb-title-wrap\"><h2 class=\"uagb-ifb-title-prefix\">Apertise<\/h2><\/div><\/div><\/div><\/div>\n\n\n\n<div class=\"wp-block-uagb-modal uagb-block-8c4e00cb uagb-modal-wrapper\" data-escpress=\"enable\" data-overlayclick=\"enable\"><div class=\"uagb-spectra-button-wrapper wp-block-button\"><a class=\"uagb-modal-button-link wp-block-button__link uagb-modal-trigger\" href=\"#\" onclick=\"return false;\" target=\"_self\" rel=\"noopener noreferrer\"><span class=\"uagb-modal-content-wrapper\"><span class=\"uagb-inline-editing\">Xem th\u1ef1c \u0111\u01a1n<\/span><\/span><\/a><\/div><div class=\"uagb-effect-default uagb-modal-popup uagb-block-8c4e00cb uagb-modal-type-undefined\"><div class=\"uagb-modal-popup-wrap\"><div class=\"uagb-modal-popup-content\">\n<div class=\"wp-block-uagb-advanced-heading uagb-block-fcdbb780\"><h2 class=\"uagb-heading-text\">Th\u1ef1c \u0111\u01a1n<\/h2><\/div>\n\n\n<ul style=\"line-height:2.5;\" class=\"wp-block-page-list\"><li class=\"wp-block-pages-list__item\"><a class=\"wp-block-pages-list__item__link\" href=\"https:\/\/ishidaya3.vn\/vi\/menu\/jyunmaisyu\/\">Jyunmaisyu<\/a><\/li><li class=\"wp-block-pages-list__item\"><a class=\"wp-block-pages-list__item__link\" href=\"https:\/\/ishidaya3.vn\/vi\/menu\/recommended\/\">M\u00f3n \u0111\u1ec1 xu\u1ea5t<\/a><\/li><li class=\"wp-block-pages-list__item\"><a class=\"wp-block-pages-list__item__link\" href=\"https:\/\/ishidaya3.vn\/vi\/menu\/apertize\/\">Apertize<\/a><\/li><li class=\"wp-block-pages-list__item\"><a class=\"wp-block-pages-list__item__link\" href=\"https:\/\/ishidaya3.vn\/vi\/menu\/omakase\/\">Omakase<\/a><\/li><li class=\"wp-block-pages-list__item\"><a class=\"wp-block-pages-list__item__link\" href=\"https:\/\/ishidaya3.vn\/vi\/menu\/ozen-lunch\/\">Ozen Lunch<\/a><\/li><li class=\"wp-block-pages-list__item\"><a class=\"wp-block-pages-list__item__link\" href=\"https:\/\/ishidaya3.vn\/vi\/menu\/red-wine\/\">Vang \u0110\u1ecf<\/a><\/li><li class=\"wp-block-pages-list__item\"><a class=\"wp-block-pages-list__item__link\" href=\"https:\/\/ishidaya3.vn\/vi\/menu\/honjyozo\/\">Sake Honjyozo<\/a><\/li><li class=\"wp-block-pages-list__item\"><a class=\"wp-block-pages-list__item__link\" href=\"https:\/\/ishidaya3.vn\/vi\/menu\/jyukuseisyu-kimoto\/\">Sake Jyukuseisyu Kimoto<\/a><\/li><li class=\"wp-block-pages-list__item\"><a class=\"wp-block-pages-list__item__link\" href=\"https:\/\/ishidaya3.vn\/vi\/menu\/jyunmai-ginjyo\/\">Sake Jyunmai Ginjyo<\/a><\/li><li class=\"wp-block-pages-list__item\"><a class=\"wp-block-pages-list__item__link\" href=\"https:\/\/ishidaya3.vn\/vi\/menu\/jyunmai-daiginjyo\/\">Sake jyunmai-daiginjyo<\/a><\/li><li class=\"wp-block-pages-list__item\"><a class=\"wp-block-pages-list__item__link\" href=\"https:\/\/ishidaya3.vn\/vi\/menu\/white-wine\/\">Vang Tr\u1eafng<\/a><\/li><li class=\"wp-block-pages-list__item\"><a class=\"wp-block-pages-list__item__link\" href=\"https:\/\/ishidaya3.vn\/vi\/menu\/potato-shocyu\/\">Shocyu khoai t\u00e2y<\/a><\/li><li class=\"wp-block-pages-list__item\"><a class=\"wp-block-pages-list__item__link\" href=\"https:\/\/ishidaya3.vn\/vi\/menu\/rice-shocyu\/\">Shocyu G\u1ea1o<\/a><\/li><li class=\"wp-block-pages-list__item\"><a class=\"wp-block-pages-list__item__link\" href=\"https:\/\/ishidaya3.vn\/vi\/menu\/wheat-shocyu\/\">Shocyu L\u00faa M\u00ec<\/a><\/li><li class=\"wp-block-pages-list__item\"><a class=\"wp-block-pages-list__item__link\" href=\"https:\/\/ishidaya3.vn\/vi\/menu\/spirit\/\">R\u01b0\u1ee3u m\u1ea1nh<\/a><\/li><li class=\"wp-block-pages-list__item\"><a class=\"wp-block-pages-list__item__link\" href=\"https:\/\/ishidaya3.vn\/vi\/menu\/alcohol-paring\/\">Alcohol paring<\/a><\/li><li class=\"wp-block-pages-list__item\"><a class=\"wp-block-pages-list__item__link\" href=\"https:\/\/ishidaya3.vn\/vi\/menu\/juice\/\">N\u01b0\u1edbc \u00e9p<\/a><\/li><li class=\"wp-block-pages-list__item\"><a class=\"wp-block-pages-list__item__link\" href=\"https:\/\/ishidaya3.vn\/vi\/menu\/soft-drink-water\/\">N\u01b0\u1edbc gi\u1ea3i kh\u00e1t<\/a><\/li><li class=\"wp-block-pages-list__item\"><a class=\"wp-block-pages-list__item__link\" href=\"https:\/\/ishidaya3.vn\/vi\/menu\/sparkling\/\">Vang s\u1ee7i b\u1ecdt<\/a><\/li><li class=\"wp-block-pages-list__item\"><a class=\"wp-block-pages-list__item__link\" href=\"https:\/\/ishidaya3.vn\/vi\/menu\/tea-coffee\/\">Tr\u00e0 &amp; C\u00e0 ph\u00ea<\/a><\/li><\/ul><\/div><button class=\"uagb-modal-popup-close\" aria-label=\"Close Modal\"><svg xmlns=\"https:\/\/www.w3.org\/2000\/svg\" viewbox=\"0 0 320 512\"><path d=\"M310.6 361.4c12.5 12.5 12.5 32.75 0 45.25C304.4 412.9 296.2 416 288 416s-16.38-3.125-22.62-9.375L160 301.3L54.63 406.6C48.38 412.9 40.19 416 32 416S15.63 412.9 9.375 406.6c-12.5-12.5-12.5-32.75 0-45.25l105.4-105.4L9.375 150.6c-12.5-12.5-12.5-32.75 0-45.25s32.75-12.5 45.25 0L160 210.8l105.4-105.4c12.5-12.5 32.75-12.5 45.25 0s12.5 32.75 0 45.25l-105.4 105.4L310.6 361.4z\"><\/path><\/svg><\/button><\/div><\/div><\/div>\n<\/div><\/div>\n\n\n\n<div class=\"wp-block-uagb-container uagb-layout-grid uagb-block-46a8a5e7 alignfull uagb-is-root-container\"><div class=\"uagb-container-inner-blocks-wrap\">\n<div class=\"wp-block-group is-layout-constrained wp-block-group-is-layout-constrained\">\n<div class=\"wp-block-uagb-advanced-heading uagb-block-2c5164ac\"><h3 class=\"uagb-heading-text\"><strong>Apertizer<\/strong><\/h3><\/div>\n\n\n\n<div class=\"wp-block-group is-content-justification-space-between is-nowrap is-layout-flex wp-container-core-group-is-layout-ed947458 wp-block-group-is-layout-flex\" style=\"margin-top:0;margin-bottom:0;padding-top:0;padding-right:0;padding-bottom:0;padding-left:0\">\n<div id=\"gspb_text-id-gsbp-eecf452\" class=\"gspb_text gspb_text-id-gsbp-eecf452\">Apertizer name<\/div>\n\n\n\n<div id=\"gspb_text-id-gsbp-12fb546\" class=\"gspb_text gspb_text-id-gsbp-12fb546\">~<\/div>\n<\/div>\n<\/div>\n\n\n\n<div class=\"wp-block-group is-layout-constrained wp-block-group-is-layout-constrained\">\n<div class=\"wp-block-uagb-advanced-heading uagb-block-95afb63e\"><h3 class=\"uagb-heading-text\"><strong>S\u00fap<\/strong><\/h3><\/div>\n\n\n\n<div class=\"wp-block-group is-content-justification-space-between is-nowrap is-layout-flex wp-container-core-group-is-layout-eeb91d56 wp-block-group-is-layout-flex\" style=\"margin-top:0;margin-bottom:0\">\n<div id=\"gspb_text-id-gsbp-e002894\" class=\"gspb_text gspb_text-id-gsbp-e002894\">Soup name name<\/div>\n\n\n\n<div id=\"gspb_text-id-gsbp-c37b59e\" class=\"gspb_text gspb_text-id-gsbp-c37b59e\">~<\/div>\n<\/div>\n\n\n\n<div class=\"wp-block-group is-content-justification-space-between is-nowrap is-layout-flex wp-container-core-group-is-layout-ed947458 wp-block-group-is-layout-flex\" style=\"margin-top:0;margin-bottom:0;padding-top:0;padding-right:0;padding-bottom:0;padding-left:0\">\n<div id=\"gspb_text-id-gsbp-9b96e40\" class=\"gspb_text gspb_text-id-gsbp-9b96e40\">Apertizer name<\/div>\n\n\n\n<div id=\"gspb_text-id-gsbp-6501020\" class=\"gspb_text gspb_text-id-gsbp-6501020\">~<\/div>\n<\/div>\n<\/div>\n\n\n\n<div class=\"wp-block-group is-layout-constrained wp-block-group-is-layout-constrained\">\n<div class=\"wp-block-uagb-advanced-heading uagb-block-f9690af3\"><h3 class=\"uagb-heading-text\"><strong>Assorted sashimi&nbsp;<\/strong><\/h3><\/div>\n\n\n\n<div class=\"wp-block-group is-content-justification-space-between is-nowrap is-layout-flex wp-container-core-group-is-layout-5f079da5 wp-block-group-is-layout-flex\" style=\"margin-top:0;margin-bottom:0;padding-top:0;padding-bottom:0\">\n<div id=\"gspb_text-id-gsbp-f6c8817\" class=\"gspb_text gspb_text-id-gsbp-f6c8817\">Assorted sashimi 1<\/div>\n\n\n\n<div id=\"gspb_text-id-gsbp-4737583\" class=\"gspb_text gspb_text-id-gsbp-4737583\"> ~<\/div>\n<\/div>\n<\/div>\n\n\n\n<div class=\"wp-block-group is-layout-constrained wp-block-group-is-layout-constrained\">\n<div class=\"wp-block-uagb-advanced-heading uagb-block-31d6d004\"><h3 class=\"uagb-heading-text\"><strong>Assorted sushi<\/strong><\/h3><\/div>\n\n\n\n<div class=\"wp-block-group is-content-justification-space-between is-nowrap is-layout-flex wp-container-core-group-is-layout-5f079da5 wp-block-group-is-layout-flex\" style=\"margin-top:0;margin-bottom:0;padding-top:0;padding-bottom:0\">\n<div id=\"gspb_text-id-gsbp-93343b5\" class=\"gspb_text gspb_text-id-gsbp-93343b5\">Assorted sushi<\/div>\n\n\n\n<div id=\"gspb_text-id-gsbp-28bb913\" class=\"gspb_text gspb_text-id-gsbp-28bb913\">~<\/div>\n<\/div>\n<\/div>\n\n\n\n<div class=\"wp-block-group is-layout-constrained wp-block-group-is-layout-constrained\">\n<div class=\"wp-block-uagb-advanced-heading uagb-block-92ac37ea\"><h3 class=\"uagb-heading-text\"><strong>Assorted tempura<\/strong><\/h3><\/div>\n\n\n\n<div class=\"wp-block-group is-content-justification-space-between is-nowrap is-layout-flex wp-container-core-group-is-layout-5f079da5 wp-block-group-is-layout-flex\" style=\"margin-top:0;margin-bottom:0;padding-top:0;padding-bottom:0\">\n<div id=\"gspb_text-id-gsbp-f4100c6\" class=\"gspb_text gspb_text-id-gsbp-f4100c6\">tempura1<\/div>\n\n\n\n<div id=\"gspb_text-id-gsbp-a1f1677\" class=\"gspb_text gspb_text-id-gsbp-a1f1677\">~<\/div>\n<\/div>\n<\/div>\n\n\n\n<div class=\"wp-block-group is-layout-constrained wp-block-group-is-layout-constrained\">\n<div class=\"wp-block-uagb-advanced-heading uagb-block-4439c0e9\"><h3 class=\"uagb-heading-text\"><strong>Rice<\/strong><\/h3><\/div>\n\n\n\n<div class=\"wp-block-group is-content-justification-space-between is-nowrap is-layout-flex wp-container-core-group-is-layout-5f079da5 wp-block-group-is-layout-flex\" style=\"margin-top:0;margin-bottom:0;padding-top:0;padding-bottom:0\">\n<div id=\"gspb_text-id-gsbp-5f94e9f\" class=\"gspb_text gspb_text-id-gsbp-5f94e9f\">Rice1<\/div>\n\n\n\n<div id=\"gspb_text-id-gsbp-e6b46ea\" class=\"gspb_text gspb_text-id-gsbp-e6b46ea\">~<\/div>\n<\/div>\n<\/div>\n\n\n\n<div class=\"wp-block-group is-layout-constrained wp-block-group-is-layout-constrained\">\n<div class=\"wp-block-uagb-advanced-heading uagb-block-a88abd2e\"><h3 class=\"uagb-heading-text\"><strong>Maki<\/strong><\/h3><\/div>\n\n\n\n<div class=\"wp-block-group is-content-justification-space-between is-nowrap is-layout-flex wp-container-core-group-is-layout-5f079da5 wp-block-group-is-layout-flex\" style=\"margin-top:0;margin-bottom:0;padding-top:0;padding-bottom:0\">\n<div id=\"gspb_text-id-gsbp-6d64898\" class=\"gspb_text gspb_text-id-gsbp-6d64898\">Maki 1<\/div>\n\n\n\n<div id=\"gspb_text-id-gsbp-6a0f8a6\" class=\"gspb_text gspb_text-id-gsbp-6a0f8a6\">~<\/div>\n<\/div>\n<\/div>\n\n\n\n<div class=\"wp-block-group is-layout-constrained wp-block-group-is-layout-constrained\">\n<div class=\"wp-block-uagb-advanced-heading uagb-block-cd188c51\"><h3 class=\"uagb-heading-text\"><strong>Noodle<\/strong><\/h3><\/div>\n\n\n\n<div class=\"wp-block-group is-content-justification-space-between is-nowrap is-layout-flex wp-container-core-group-is-layout-5f079da5 wp-block-group-is-layout-flex\" style=\"margin-top:0;margin-bottom:0;padding-top:0;padding-bottom:0\">\n<div id=\"gspb_text-id-gsbp-d4ddc32\" class=\"gspb_text gspb_text-id-gsbp-d4ddc32\">Noodle 1<\/div>\n\n\n\n<div id=\"gspb_text-id-gsbp-21fac6c\" class=\"gspb_text gspb_text-id-gsbp-21fac6c\">~<\/div>\n<\/div>\n<\/div>\n\n\n\n<div class=\"wp-block-group is-layout-constrained wp-block-group-is-layout-constrained\">\n<div class=\"wp-block-uagb-advanced-heading uagb-block-b81c644d\"><h3 class=\"uagb-heading-text\"><strong>Main course<\/strong><\/h3><\/div>\n\n\n\n<div class=\"wp-block-group is-content-justification-space-between is-nowrap is-layout-flex wp-container-core-group-is-layout-5f079da5 wp-block-group-is-layout-flex\" style=\"margin-top:0;margin-bottom:0;padding-top:0;padding-bottom:0\">\n<div id=\"gspb_text-id-gsbp-dc51699\" class=\"gspb_text gspb_text-id-gsbp-dc51699\">Main course 1<\/div>\n\n\n\n<div id=\"gspb_text-id-gsbp-660b053\" class=\"gspb_text gspb_text-id-gsbp-660b053\">~<\/div>\n<\/div>\n<\/div>\n\n\n\n<div class=\"wp-block-group is-layout-constrained wp-block-group-is-layout-constrained\">\n<div class=\"wp-block-uagb-advanced-heading uagb-block-b728552a\"><h3 class=\"uagb-heading-text\"><strong>Assorted desserts<\/strong><\/h3><\/div>\n\n\n\n<div class=\"wp-block-group is-content-justification-space-between is-nowrap is-layout-flex wp-container-core-group-is-layout-5f079da5 wp-block-group-is-layout-flex\" style=\"margin-top:0;margin-bottom:0;padding-top:0;padding-bottom:0\">\n<div id=\"gspb_text-id-gsbp-4668a3d\" class=\"gspb_text gspb_text-id-gsbp-4668a3d\">Assorted desserts 1<\/div>\n\n\n\n<div id=\"gspb_text-id-gsbp-62a564c\" class=\"gspb_text gspb_text-id-gsbp-62a564c\">~<\/div>\n<\/div>\n<\/div>\n<\/div><\/div>","protected":false},"excerpt":{"rendered":"<p>Apertizer Soup Assorted sashimi&nbsp; Assorted sushi Assorted tempura Rice Maki Noodle Main course Assorted desserts<\/p>","protected":false},"author":4,"featured_media":0,"parent":535,"menu_order":2,"comment_status":"closed","ping_status":"closed","template":"","meta":{"_gspb_post_css":".gspb_text-id-gsbp-eecf452{line-height:30px;text-align:center!important}.gspb_text-id-gsbp-12fb546{font-size:12px}.gspb_text-id-gsbp-12fb546,.gspb_text-id-gsbp-12fb546 .gsap-g-line,.gspb_text-id-gsbp-eecf452 .gsap-g-line{text-align:center!important}.gspb_text-id-gsbp-e002894{line-height:30px;text-align:left!important}.gspb_text-id-gsbp-e002894 .gsap-g-line{text-align:left!important}.gspb_text-id-gsbp-c37b59e{font-size:12px}.gspb_text-id-gsbp-9b96e40,.gspb_text-id-gsbp-c37b59e,.gspb_text-id-gsbp-c37b59e .gsap-g-line{text-align:center!important}.gspb_text-id-gsbp-9b96e40{line-height:30px}.gspb_text-id-gsbp-6501020{font-size:12px}.gspb_text-id-gsbp-6501020,.gspb_text-id-gsbp-6501020 .gsap-g-line,.gspb_text-id-gsbp-9b96e40 .gsap-g-line,.gspb_text-id-gsbp-f6c8817{text-align:center!important}.gspb_text-id-gsbp-f6c8817{line-height:30px}.gspb_text-id-gsbp-4737583{font-size:12px}.gspb_text-id-gsbp-4737583,.gspb_text-id-gsbp-4737583 .gsap-g-line,.gspb_text-id-gsbp-93343b5,.gspb_text-id-gsbp-f6c8817 .gsap-g-line{text-align:center!important}.gspb_text-id-gsbp-93343b5{line-height:30px}.gspb_text-id-gsbp-28bb913{font-size:12px}.gspb_text-id-gsbp-28bb913,.gspb_text-id-gsbp-28bb913 .gsap-g-line,.gspb_text-id-gsbp-93343b5 .gsap-g-line,.gspb_text-id-gsbp-f4100c6{text-align:center!important}.gspb_text-id-gsbp-f4100c6{line-height:30px}.gspb_text-id-gsbp-a1f1677{font-size:12px}.gspb_text-id-gsbp-5f94e9f,.gspb_text-id-gsbp-a1f1677,.gspb_text-id-gsbp-a1f1677 .gsap-g-line,.gspb_text-id-gsbp-f4100c6 .gsap-g-line{text-align:center!important}.gspb_text-id-gsbp-5f94e9f{line-height:30px}.gspb_text-id-gsbp-e6b46ea{font-size:12px}.gspb_text-id-gsbp-5f94e9f .gsap-g-line,.gspb_text-id-gsbp-6d64898,.gspb_text-id-gsbp-e6b46ea,.gspb_text-id-gsbp-e6b46ea .gsap-g-line{text-align:center!important}.gspb_text-id-gsbp-6d64898{line-height:30px}.gspb_text-id-gsbp-6a0f8a6{font-size:12px}.gspb_text-id-gsbp-6a0f8a6,.gspb_text-id-gsbp-6a0f8a6 .gsap-g-line,.gspb_text-id-gsbp-6d64898 .gsap-g-line,.gspb_text-id-gsbp-d4ddc32{text-align:center!important}.gspb_text-id-gsbp-d4ddc32{line-height:30px}.gspb_text-id-gsbp-21fac6c{font-size:12px}.gspb_text-id-gsbp-21fac6c,.gspb_text-id-gsbp-21fac6c .gsap-g-line,.gspb_text-id-gsbp-d4ddc32 .gsap-g-line,.gspb_text-id-gsbp-dc51699{text-align:center!important}.gspb_text-id-gsbp-dc51699{line-height:30px}.gspb_text-id-gsbp-660b053{font-size:12px}.gspb_text-id-gsbp-4668a3d,.gspb_text-id-gsbp-660b053,.gspb_text-id-gsbp-660b053 .gsap-g-line,.gspb_text-id-gsbp-dc51699 .gsap-g-line{text-align:center!important}.gspb_text-id-gsbp-4668a3d{line-height:30px}.gspb_text-id-gsbp-62a564c{font-size:12px}.gspb_text-id-gsbp-4668a3d .gsap-g-line,.gspb_text-id-gsbp-62a564c,.gspb_text-id-gsbp-62a564c .gsap-g-line{text-align:center!important}","_uag_custom_page_level_css":"","site-sidebar-layout":"default","site-content-layout":"","ast-site-content-layout":"default","site-content-style":"unboxed","site-sidebar-style":"default","ast-global-header-display":"","ast-banner-title-visibility":"","ast-main-header-display":"","ast-hfb-above-header-display":"","ast-hfb-below-header-display":"","ast-hfb-mobile-header-display":"","site-post-title":"disabled","ast-breadcrumbs-content":"","ast-featured-img":"","footer-sml-layout":"","ast-disable-related-posts":"","theme-transparent-header-meta":"","adv-header-id-meta":"","stick-header-meta":"","header-above-stick-meta":"","header-main-stick-meta":"","header-below-stick-meta":"","astra-migrate-meta-layouts":"set","ast-page-background-enabled":"default","ast-page-background-meta":{"desktop":{"background-color":"","background-image":"","background-repeat":"repeat","background-position":"center center","background-size":"auto","background-attachment":"scroll","background-type":"","background-media":"","overlay-type":"","overlay-color":"","overlay-opacity":"","overlay-gradient":""},"tablet":{"background-color":"","background-image":"","background-repeat":"repeat","background-position":"center center","background-size":"auto","background-attachment":"scroll","background-type":"","background-media":"","overlay-type":"","overlay-color":"","overlay-opacity":"","overlay-gradient":""},"mobile":{"background-color":"","background-image":"","background-repeat":"repeat","background-position":"center center","background-size":"auto","background-attachment":"scroll","background-type":"","background-media":"","overlay-type":"","overlay-color":"","overlay-opacity":"","overlay-gradient":""}},"ast-content-background-meta":{"desktop":{"background-color":"var(--ast-global-color-5)","background-image":"","background-repeat":"repeat","background-position":"center center","background-size":"auto","background-attachment":"scroll","background-type":"","background-media":"","overlay-type":"","overlay-color":"","overlay-opacity":"","overlay-gradient":""},"tablet":{"background-color":"var(--ast-global-color-5)","background-image":"","background-repeat":"repeat","background-position":"center center","background-size":"auto","background-attachment":"scroll","background-type":"","background-media":"","overlay-type":"","overlay-color":"","overlay-opacity":"","overlay-gradient":""},"mobile":{"background-color":"var(--ast-global-color-5)","background-image":"","background-repeat":"repeat","background-position":"center center","background-size":"auto","background-attachment":"scroll","background-type":"","background-media":"","overlay-type":"","overlay-color":"","overlay-opacity":"","overlay-gradient":""}},"footnotes":""},"class_list":["post-2517","page","type-page","status-publish","hentry"],"uagb_featured_image_src":{"full":false,"thumbnail":false,"medium":false,"medium_large":false,"large":false,"etfrtb_logo":false,"1536x1536":false,"2048x2048":false,"trp-custom-language-flag":false},"uagb_author_info":{"display_name":"Ishiday3","author_link":"https:\/\/ishidaya3.vn\/vi\/author\/superadmin_wfc\/"},"uagb_comment_info":0,"uagb_excerpt":"Apertizer Soup Assorted sashimi&nbsp; Assorted sushi Assorted tempura Rice Maki Noodle Main course Assorted desserts","_links":{"self":[{"href":"https:\/\/ishidaya3.vn\/vi\/wp-json\/wp\/v2\/pages\/2517","targetHints":{"allow":["GET"]}}],"collection":[{"href":"https:\/\/ishidaya3.vn\/vi\/wp-json\/wp\/v2\/pages"}],"about":[{"href":"https:\/\/ishidaya3.vn\/vi\/wp-json\/wp\/v2\/types\/page"}],"author":[{"embeddable":true,"href":"https:\/\/ishidaya3.vn\/vi\/wp-json\/wp\/v2\/users\/4"}],"replies":[{"embeddable":true,"href":"https:\/\/ishidaya3.vn\/vi\/wp-json\/wp\/v2\/comments?post=2517"}],"version-history":[{"count":10,"href":"https:\/\/ishidaya3.vn\/vi\/wp-json\/wp\/v2\/pages\/2517\/revisions"}],"predecessor-version":[{"id":3292,"href":"https:\/\/ishidaya3.vn\/vi\/wp-json\/wp\/v2\/pages\/2517\/revisions\/3292"}],"up":[{"embeddable":true,"href":"https:\/\/ishidaya3.vn\/vi\/wp-json\/wp\/v2\/pages\/535"}],"wp:attachment":[{"href":"https:\/\/ishidaya3.vn\/vi\/wp-json\/wp\/v2\/media?parent=2517"}],"curies":[{"name":"wp","href":"https:\/\/api.w.org\/{rel}","templated":true}]}}