{"id":2576,"date":"2025-02-19T03:57:40","date_gmt":"2025-02-19T03:57:40","guid":{"rendered":"https:\/\/ishidaya3.vn\/?page_id=2576"},"modified":"2025-03-14T09:58:07","modified_gmt":"2025-03-14T09:58:07","slug":"tea-coffee","status":"publish","type":"page","link":"https:\/\/ishidaya3.vn\/vi\/menu\/tea-coffee\/","title":{"rendered":"Tr\u00e0 &amp; C\u00e0 ph\u00ea"},"content":{"rendered":"<div class=\"wp-block-uagb-container uagb-block-923c6be7 alignfull uagb-is-root-container\"><div class=\"uagb-container-inner-blocks-wrap\">\n<div class=\"wp-block-uagb-info-box uagb-block-e15faf3b uagb-infobox__content-wrap  uagb-infobox-icon-above-title uagb-infobox-image-valign-top wp-block-uagb-info-box--has-margin\"><div class=\"uagb-infobox-margin-wrapper\"><div class=\"uagb-ifb-content\"><div class=\"uagb-ifb-title-wrap\"><h2 class=\"uagb-ifb-title-prefix\">Tea &amp; Coffee<\/h2><\/div><\/div><\/div><\/div>\n<\/div><\/div>\n\n\n\n<div class=\"wp-block-uagb-container uagb-layout-grid uagb-block-0b88d9ff alignfull uagb-is-root-container\"><div class=\"uagb-container-inner-blocks-wrap\">\n<div class=\"wp-block-group is-content-justification-center is-layout-flex wp-container-core-group-is-layout-0f077a87 wp-block-group-is-layout-flex\" style=\"margin-top:var(--wp--preset--spacing--70);margin-bottom:var(--wp--preset--spacing--70)\">\n<div class=\"wp-block-uagb-image aligncenter uagb-block-54ea3763 wp-block-uagb-image--layout-default wp-block-uagb-image--effect-static wp-block-uagb-image--align-center\"><figure class=\"wp-block-uagb-image__figure\"><img decoding=\"async\" srcset=\"https:\/\/ishidaya3.vn\/wp-content\/uploads\/2025\/02\/no-img.png ,https:\/\/ishidaya3.vn\/wp-content\/uploads\/2025\/02\/no-img.png 780w, https:\/\/ishidaya3.vn\/wp-content\/uploads\/2025\/02\/no-img.png 360w\" sizes=\"auto, (max-width: 480px) 150px\" src=\"https:\/\/ishidaya3.vn\/wp-content\/uploads\/2025\/02\/no-img.png\" alt=\"\" class=\"uag-image-2549\" width=\"350\" height=\"200\" title=\"no-img\" loading=\"lazy\" role=\"img\"\/><\/figure><\/div>\n\n\n\n<div class=\"wp-block-group is-vertical is-content-justification-center is-layout-flex wp-container-core-group-is-layout-6e30c359 wp-block-group-is-layout-flex\" style=\"margin-top:0;margin-bottom:0\">\n<div class=\"wp-block-uagb-advanced-heading uagb-block-80f0e346 menu-name\"><p class=\"uagb-heading-text\">Tr\u00e0 Oolong<\/p><\/div>\n\n\n\n<div id=\"gspb_text-id-gsbp-1ec9f21\" class=\"gspb_text gspb_text-id-gsbp-1ec9f21\">63,000 \u0111<\/div>\n<\/div>\n<\/div>\n\n\n\n<div class=\"wp-block-group is-content-justification-center is-layout-flex wp-container-core-group-is-layout-0f077a87 wp-block-group-is-layout-flex\" style=\"margin-top:var(--wp--preset--spacing--70);margin-bottom:var(--wp--preset--spacing--70)\">\n<div class=\"wp-block-uagb-image aligncenter uagb-block-5cebc72b wp-block-uagb-image--layout-default wp-block-uagb-image--effect-static wp-block-uagb-image--align-center\"><figure class=\"wp-block-uagb-image__figure\"><img decoding=\"async\" srcset=\"https:\/\/ishidaya3.vn\/wp-content\/uploads\/2025\/02\/no-img.png ,https:\/\/ishidaya3.vn\/wp-content\/uploads\/2025\/02\/no-img.png 780w, https:\/\/ishidaya3.vn\/wp-content\/uploads\/2025\/02\/no-img.png 360w\" sizes=\"auto, (max-width: 480px) 150px\" src=\"https:\/\/ishidaya3.vn\/wp-content\/uploads\/2025\/02\/no-img.png\" alt=\"\" class=\"uag-image-2549\" width=\"350\" height=\"200\" title=\"no-img\" loading=\"lazy\" role=\"img\"\/><\/figure><\/div>\n\n\n\n<div class=\"wp-block-group is-vertical is-content-justification-center is-layout-flex wp-container-core-group-is-layout-6e30c359 wp-block-group-is-layout-flex\" style=\"margin-top:0;margin-bottom:0\">\n<div class=\"wp-block-uagb-advanced-heading uagb-block-fb3016c9 menu-name\"><p class=\"uagb-heading-text\">Barley tea (no caffeine)<\/p><\/div>\n\n\n\n<div id=\"gspb_text-id-gsbp-76f9846\" class=\"gspb_text gspb_text-id-gsbp-76f9846\">63,000 \u0111<\/div>\n<\/div>\n<\/div>\n\n\n\n<div class=\"wp-block-group is-content-justification-center is-layout-flex wp-container-core-group-is-layout-0f077a87 wp-block-group-is-layout-flex\" style=\"margin-top:var(--wp--preset--spacing--70);margin-bottom:var(--wp--preset--spacing--70)\">\n<div class=\"wp-block-uagb-image aligncenter uagb-block-9018ac79 wp-block-uagb-image--layout-default wp-block-uagb-image--effect-static wp-block-uagb-image--align-center\"><figure class=\"wp-block-uagb-image__figure\"><img decoding=\"async\" srcset=\"https:\/\/ishidaya3.vn\/wp-content\/uploads\/2025\/02\/no-img.png ,https:\/\/ishidaya3.vn\/wp-content\/uploads\/2025\/02\/no-img.png 780w, https:\/\/ishidaya3.vn\/wp-content\/uploads\/2025\/02\/no-img.png 360w\" sizes=\"auto, (max-width: 480px) 150px\" src=\"https:\/\/ishidaya3.vn\/wp-content\/uploads\/2025\/02\/no-img.png\" alt=\"\" class=\"uag-image-2549\" width=\"350\" height=\"200\" title=\"no-img\" loading=\"lazy\" role=\"img\"\/><\/figure><\/div>\n\n\n\n<div class=\"wp-block-group is-vertical is-content-justification-center is-layout-flex wp-container-core-group-is-layout-6e30c359 wp-block-group-is-layout-flex\" style=\"margin-top:0;margin-bottom:0\">\n<div class=\"wp-block-uagb-advanced-heading uagb-block-141115dd menu-name\"><p class=\"uagb-heading-text\">Tr\u00e0 xanh Nh\u1eadt<\/p><\/div>\n\n\n\n<div id=\"gspb_text-id-gsbp-c2ede9b\" class=\"gspb_text gspb_text-id-gsbp-c2ede9b\">63,000 \u0111<\/div>\n<\/div>\n<\/div>\n\n\n\n<div class=\"wp-block-group is-content-justification-center is-layout-flex wp-container-core-group-is-layout-0f077a87 wp-block-group-is-layout-flex\" style=\"margin-top:var(--wp--preset--spacing--70);margin-bottom:var(--wp--preset--spacing--70)\">\n<div class=\"wp-block-uagb-image aligncenter uagb-block-20f96a91 wp-block-uagb-image--layout-default wp-block-uagb-image--effect-static wp-block-uagb-image--align-center\"><figure class=\"wp-block-uagb-image__figure\"><img decoding=\"async\" srcset=\"https:\/\/ishidaya3.vn\/wp-content\/uploads\/2025\/02\/no-img.png ,https:\/\/ishidaya3.vn\/wp-content\/uploads\/2025\/02\/no-img.png 780w, https:\/\/ishidaya3.vn\/wp-content\/uploads\/2025\/02\/no-img.png 360w\" sizes=\"auto, (max-width: 480px) 150px\" src=\"https:\/\/ishidaya3.vn\/wp-content\/uploads\/2025\/02\/no-img.png\" alt=\"\" class=\"uag-image-2549\" width=\"350\" height=\"200\" title=\"no-img\" loading=\"lazy\" role=\"img\"\/><\/figure><\/div>\n\n\n\n<div class=\"wp-block-group is-vertical is-content-justification-center is-layout-flex wp-container-core-group-is-layout-6e30c359 wp-block-group-is-layout-flex\" style=\"margin-top:0;margin-bottom:0\">\n<div class=\"wp-block-uagb-advanced-heading uagb-block-66c2c103 menu-name\"><p class=\"uagb-heading-text\">Kimboi<\/p><\/div>\n\n\n\n<div id=\"gspb_text-id-gsbp-39d528a\" class=\"gspb_text gspb_text-id-gsbp-39d528a\">&#8211;<\/div>\n<\/div>\n<\/div>\n\n\n\n<div class=\"wp-block-group is-content-justification-center is-layout-flex wp-container-core-group-is-layout-0f077a87 wp-block-group-is-layout-flex\" style=\"margin-top:var(--wp--preset--spacing--70);margin-bottom:var(--wp--preset--spacing--70)\">\n<div class=\"wp-block-uagb-image aligncenter uagb-block-8eafff73 wp-block-uagb-image--layout-default wp-block-uagb-image--effect-static wp-block-uagb-image--align-center\"><figure class=\"wp-block-uagb-image__figure\"><img decoding=\"async\" srcset=\"https:\/\/ishidaya3.vn\/wp-content\/uploads\/2025\/02\/no-img.png ,https:\/\/ishidaya3.vn\/wp-content\/uploads\/2025\/02\/no-img.png 780w, https:\/\/ishidaya3.vn\/wp-content\/uploads\/2025\/02\/no-img.png 360w\" sizes=\"auto, (max-width: 480px) 150px\" src=\"https:\/\/ishidaya3.vn\/wp-content\/uploads\/2025\/02\/no-img.png\" alt=\"\" class=\"uag-image-2549\" width=\"350\" height=\"200\" title=\"no-img\" loading=\"lazy\" role=\"img\"\/><\/figure><\/div>\n\n\n\n<div class=\"wp-block-group is-vertical is-content-justification-center is-layout-flex wp-container-core-group-is-layout-6e30c359 wp-block-group-is-layout-flex\" style=\"margin-top:0;margin-bottom:0\">\n<div class=\"wp-block-uagb-advanced-heading uagb-block-29d5c188 menu-name\"><p class=\"uagb-heading-text\">Matcha nguy\u00ean ch\u1ea5t<\/p><\/div>\n\n\n\n<div id=\"gspb_text-id-gsbp-b7c18b2\" class=\"gspb_text gspb_text-id-gsbp-b7c18b2\">250,000 \u0111<\/div>\n<\/div>\n<\/div>\n\n\n\n<div class=\"wp-block-group is-content-justification-center is-layout-flex wp-container-core-group-is-layout-0f077a87 wp-block-group-is-layout-flex\" style=\"margin-top:var(--wp--preset--spacing--70);margin-bottom:var(--wp--preset--spacing--70)\">\n<div class=\"wp-block-uagb-image aligncenter uagb-block-20f96a91 wp-block-uagb-image--layout-default wp-block-uagb-image--effect-static wp-block-uagb-image--align-center\"><figure class=\"wp-block-uagb-image__figure\"><img decoding=\"async\" srcset=\"https:\/\/ishidaya3.vn\/wp-content\/uploads\/2025\/02\/no-img.png ,https:\/\/ishidaya3.vn\/wp-content\/uploads\/2025\/02\/no-img.png 780w, https:\/\/ishidaya3.vn\/wp-content\/uploads\/2025\/02\/no-img.png 360w\" sizes=\"auto, (max-width: 480px) 150px\" src=\"https:\/\/ishidaya3.vn\/wp-content\/uploads\/2025\/02\/no-img.png\" alt=\"\" class=\"uag-image-2549\" width=\"350\" height=\"200\" title=\"no-img\" loading=\"lazy\" role=\"img\"\/><\/figure><\/div>\n\n\n\n<div class=\"wp-block-group is-vertical is-content-justification-center is-layout-flex wp-container-core-group-is-layout-6e30c359 wp-block-group-is-layout-flex\" style=\"margin-top:0;margin-bottom:0\">\n<div class=\"wp-block-uagb-advanced-heading uagb-block-66c2c103 menu-name\"><p class=\"uagb-heading-text\">Vietnanmese black coffee<\/p><\/div>\n\n\n\n<div id=\"gspb_text-id-gsbp-39d528a\" class=\"gspb_text gspb_text-id-gsbp-39d528a\">63,000 \u0111<\/div>\n<\/div>\n<\/div>\n\n\n\n<div class=\"wp-block-group is-content-justification-center is-layout-flex wp-container-core-group-is-layout-0f077a87 wp-block-group-is-layout-flex\" style=\"margin-top:var(--wp--preset--spacing--70);margin-bottom:var(--wp--preset--spacing--70)\">\n<div class=\"wp-block-uagb-image aligncenter uagb-block-8eafff73 wp-block-uagb-image--layout-default wp-block-uagb-image--effect-static wp-block-uagb-image--align-center\"><figure class=\"wp-block-uagb-image__figure\"><img decoding=\"async\" srcset=\"https:\/\/ishidaya3.vn\/wp-content\/uploads\/2025\/02\/no-img.png ,https:\/\/ishidaya3.vn\/wp-content\/uploads\/2025\/02\/no-img.png 780w, https:\/\/ishidaya3.vn\/wp-content\/uploads\/2025\/02\/no-img.png 360w\" sizes=\"auto, (max-width: 480px) 150px\" src=\"https:\/\/ishidaya3.vn\/wp-content\/uploads\/2025\/02\/no-img.png\" alt=\"\" class=\"uag-image-2549\" width=\"350\" height=\"200\" title=\"no-img\" loading=\"lazy\" role=\"img\"\/><\/figure><\/div>\n\n\n\n<div class=\"wp-block-group is-vertical is-content-justification-center is-layout-flex wp-container-core-group-is-layout-6e30c359 wp-block-group-is-layout-flex\" style=\"margin-top:0;margin-bottom:0\">\n<div class=\"wp-block-uagb-advanced-heading uagb-block-29d5c188 menu-name\"><p class=\"uagb-heading-text\">Vietnanmese black coffee with milk<\/p><\/div>\n\n\n\n<div id=\"gspb_text-id-gsbp-b7c18b2\" class=\"gspb_text gspb_text-id-gsbp-b7c18b2\">63,000 \u0111<\/div>\n<\/div>\n<\/div>\n\n\n\n<div class=\"wp-block-group is-content-justification-center is-layout-flex wp-container-core-group-is-layout-0f077a87 wp-block-group-is-layout-flex\" style=\"margin-top:var(--wp--preset--spacing--70);margin-bottom:var(--wp--preset--spacing--70)\">\n<div class=\"wp-block-uagb-image aligncenter uagb-block-a8efba3b wp-block-uagb-image--layout-default wp-block-uagb-image--effect-static wp-block-uagb-image--align-center\"><figure class=\"wp-block-uagb-image__figure\"><img decoding=\"async\" srcset=\"https:\/\/ishidaya3.vn\/wp-content\/uploads\/2025\/02\/no-img.png ,https:\/\/ishidaya3.vn\/wp-content\/uploads\/2025\/02\/no-img.png 780w, https:\/\/ishidaya3.vn\/wp-content\/uploads\/2025\/02\/no-img.png 360w\" sizes=\"auto, (max-width: 480px) 150px\" src=\"https:\/\/ishidaya3.vn\/wp-content\/uploads\/2025\/02\/no-img.png\" alt=\"\" class=\"uag-image-2549\" width=\"350\" height=\"200\" title=\"no-img\" loading=\"lazy\" role=\"img\"\/><\/figure><\/div>\n\n\n\n<div class=\"wp-block-group is-vertical is-content-justification-center is-layout-flex wp-container-core-group-is-layout-6e30c359 wp-block-group-is-layout-flex\" style=\"margin-top:0;margin-bottom:0\">\n<div class=\"wp-block-uagb-advanced-heading uagb-block-19996f46 menu-name\"><p class=\"uagb-heading-text\">Cappuccino<\/p><\/div>\n\n\n\n<div id=\"gspb_text-id-gsbp-361c411\" class=\"gspb_text gspb_text-id-gsbp-361c411\">80,000 \u0111<\/div>\n<\/div>\n<\/div>\n\n\n\n<div class=\"wp-block-group is-content-justification-center is-layout-flex wp-container-core-group-is-layout-0f077a87 wp-block-group-is-layout-flex\" style=\"margin-top:var(--wp--preset--spacing--70);margin-bottom:var(--wp--preset--spacing--70)\">\n<div class=\"wp-block-uagb-image aligncenter uagb-block-7cda0f45 wp-block-uagb-image--layout-default wp-block-uagb-image--effect-static wp-block-uagb-image--align-center\"><figure class=\"wp-block-uagb-image__figure\"><img decoding=\"async\" srcset=\"https:\/\/ishidaya3.vn\/wp-content\/uploads\/2025\/02\/no-img.png ,https:\/\/ishidaya3.vn\/wp-content\/uploads\/2025\/02\/no-img.png 780w, https:\/\/ishidaya3.vn\/wp-content\/uploads\/2025\/02\/no-img.png 360w\" sizes=\"auto, (max-width: 480px) 150px\" src=\"https:\/\/ishidaya3.vn\/wp-content\/uploads\/2025\/02\/no-img.png\" alt=\"\" class=\"uag-image-2549\" width=\"350\" height=\"200\" title=\"no-img\" loading=\"lazy\" role=\"img\"\/><\/figure><\/div>\n\n\n\n<div class=\"wp-block-group is-vertical is-content-justification-center is-layout-flex wp-container-core-group-is-layout-6e30c359 wp-block-group-is-layout-flex\" style=\"margin-top:0;margin-bottom:0\">\n<div class=\"wp-block-uagb-advanced-heading uagb-block-0034f08c menu-name\"><p class=\"uagb-heading-text\">Espresso<\/p><\/div>\n\n\n\n<div id=\"gspb_text-id-gsbp-e5edf56\" class=\"gspb_text gspb_text-id-gsbp-e5edf56\">63,000 \u0111<\/div>\n<\/div>\n<\/div>\n\n\n\n<div class=\"wp-block-group is-content-justification-center is-layout-flex wp-container-core-group-is-layout-0f077a87 wp-block-group-is-layout-flex\" style=\"margin-top:var(--wp--preset--spacing--70);margin-bottom:var(--wp--preset--spacing--70)\">\n<div class=\"wp-block-uagb-image aligncenter uagb-block-cea53497 wp-block-uagb-image--layout-default wp-block-uagb-image--effect-static wp-block-uagb-image--align-center\"><figure class=\"wp-block-uagb-image__figure\"><img decoding=\"async\" srcset=\"https:\/\/ishidaya3.vn\/wp-content\/uploads\/2025\/02\/no-img.png ,https:\/\/ishidaya3.vn\/wp-content\/uploads\/2025\/02\/no-img.png 780w, https:\/\/ishidaya3.vn\/wp-content\/uploads\/2025\/02\/no-img.png 360w\" sizes=\"auto, (max-width: 480px) 150px\" src=\"https:\/\/ishidaya3.vn\/wp-content\/uploads\/2025\/02\/no-img.png\" alt=\"\" class=\"uag-image-2549\" width=\"350\" height=\"200\" title=\"no-img\" loading=\"lazy\" role=\"img\"\/><\/figure><\/div>\n\n\n\n<div class=\"wp-block-group is-vertical is-content-justification-center is-layout-flex wp-container-core-group-is-layout-6e30c359 wp-block-group-is-layout-flex\" style=\"margin-top:0;margin-bottom:0\">\n<div class=\"wp-block-uagb-advanced-heading uagb-block-0f25202c menu-name\"><p class=\"uagb-heading-text\">S\u00f4 c\u00f4 la N\u00f3ng<\/p><\/div>\n\n\n\n<div id=\"gspb_text-id-gsbp-dffaf41\" class=\"gspb_text gspb_text-id-gsbp-dffaf41\">80,000 \u0111<\/div>\n<\/div>\n<\/div>\n<\/div><\/div>","protected":false},"excerpt":{"rendered":"<p>Oolong tea Barley tea (no caffeine) Japanese green tea Kimboi organic matcha Vietnanmese black coffee Vietnanmese black coffee with milk Cappuccino Espresso Hot chocolate<\/p>","protected":false},"author":4,"featured_media":0,"parent":535,"menu_order":9,"comment_status":"closed","ping_status":"closed","template":"","meta":{"_gspb_post_css":".gspb_text-id-gsbp-1ec9f21{font-size:12px}@media (max-width:575.98px){.gspb_text-id-gsbp-1ec9f21,.gspb_text-id-gsbp-1ec9f21 .gsap-g-line{text-align:center!important}}.gspb_text-id-gsbp-1ec9f21{margin-bottom:0!important}.gspb_text-id-gsbp-76f9846{font-size:12px}@media (max-width:575.98px){.gspb_text-id-gsbp-76f9846,.gspb_text-id-gsbp-76f9846 .gsap-g-line{text-align:center!important}}.gspb_text-id-gsbp-76f9846{margin-top:0!important;margin-bottom:0!important}.gspb_text-id-gsbp-c2ede9b{font-size:12px}@media (max-width:575.98px){.gspb_text-id-gsbp-c2ede9b,.gspb_text-id-gsbp-c2ede9b .gsap-g-line{text-align:center!important}}.gspb_text-id-gsbp-c2ede9b{margin-bottom:0!important}.gspb_text-id-gsbp-39d528a{font-size:12px}@media (max-width:575.98px){.gspb_text-id-gsbp-39d528a,.gspb_text-id-gsbp-39d528a .gsap-g-line{text-align:center!important}}.gspb_text-id-gsbp-39d528a{margin-top:0!important;margin-bottom:0!important}.gspb_text-id-gsbp-b7c18b2{font-size:12px}@media (max-width:575.98px){.gspb_text-id-gsbp-b7c18b2,.gspb_text-id-gsbp-b7c18b2 .gsap-g-line{text-align:center!important}}.gspb_text-id-gsbp-b7c18b2{margin-top:0!important;margin-bottom:0!important}.gspb_text-id-gsbp-361c411{font-size:12px}@media (max-width:575.98px){.gspb_text-id-gsbp-361c411,.gspb_text-id-gsbp-361c411 .gsap-g-line{text-align:center!important}}.gspb_text-id-gsbp-361c411{margin-bottom:0!important}.gspb_text-id-gsbp-e5edf56{font-size:12px}@media (max-width:575.98px){.gspb_text-id-gsbp-e5edf56,.gspb_text-id-gsbp-e5edf56 .gsap-g-line{text-align:center!important}}.gspb_text-id-gsbp-e5edf56{margin-top:0!important;margin-bottom:0!important}.gspb_text-id-gsbp-dffaf41{font-size:12px}@media (max-width:575.98px){.gspb_text-id-gsbp-dffaf41,.gspb_text-id-gsbp-dffaf41 .gsap-g-line{text-align:center!important}}.gspb_text-id-gsbp-dffaf41{margin-bottom:0!important}","_uag_custom_page_level_css":"","site-sidebar-layout":"default","site-content-layout":"","ast-site-content-layout":"default","site-content-style":"unboxed","site-sidebar-style":"default","ast-global-header-display":"","ast-banner-title-visibility":"","ast-main-header-display":"","ast-hfb-above-header-display":"","ast-hfb-below-header-display":"","ast-hfb-mobile-header-display":"","site-post-title":"disabled","ast-breadcrumbs-content":"","ast-featured-img":"","footer-sml-layout":"","ast-disable-related-posts":"","theme-transparent-header-meta":"","adv-header-id-meta":"","stick-header-meta":"","header-above-stick-meta":"","header-main-stick-meta":"","header-below-stick-meta":"","astra-migrate-meta-layouts":"set","ast-page-background-enabled":"default","ast-page-background-meta":{"desktop":{"background-color":"","background-image":"","background-repeat":"repeat","background-position":"center center","background-size":"auto","background-attachment":"scroll","background-type":"","background-media":"","overlay-type":"","overlay-color":"","overlay-opacity":"","overlay-gradient":""},"tablet":{"background-color":"","background-image":"","background-repeat":"repeat","background-position":"center center","background-size":"auto","background-attachment":"scroll","background-type":"","background-media":"","overlay-type":"","overlay-color":"","overlay-opacity":"","overlay-gradient":""},"mobile":{"background-color":"","background-image":"","background-repeat":"repeat","background-position":"center center","background-size":"auto","background-attachment":"scroll","background-type":"","background-media":"","overlay-type":"","overlay-color":"","overlay-opacity":"","overlay-gradient":""}},"ast-content-background-meta":{"desktop":{"background-color":"var(--ast-global-color-5)","background-image":"","background-repeat":"repeat","background-position":"center center","background-size":"auto","background-attachment":"scroll","background-type":"","background-media":"","overlay-type":"","overlay-color":"","overlay-opacity":"","overlay-gradient":""},"tablet":{"background-color":"var(--ast-global-color-5)","background-image":"","background-repeat":"repeat","background-position":"center center","background-size":"auto","background-attachment":"scroll","background-type":"","background-media":"","overlay-type":"","overlay-color":"","overlay-opacity":"","overlay-gradient":""},"mobile":{"background-color":"var(--ast-global-color-5)","background-image":"","background-repeat":"repeat","background-position":"center center","background-size":"auto","background-attachment":"scroll","background-type":"","background-media":"","overlay-type":"","overlay-color":"","overlay-opacity":"","overlay-gradient":""}},"footnotes":""},"class_list":["post-2576","page","type-page","status-publish","hentry"],"uagb_featured_image_src":{"full":false,"thumbnail":false,"medium":false,"medium_large":false,"large":false,"etfrtb_logo":false,"1536x1536":false,"2048x2048":false,"trp-custom-language-flag":false},"uagb_author_info":{"display_name":"Ishiday3","author_link":"https:\/\/ishidaya3.vn\/vi\/author\/superadmin_wfc\/"},"uagb_comment_info":0,"uagb_excerpt":"Oolong tea Barley tea (no caffeine) Japanese green tea Kimboi organic matcha Vietnanmese black coffee Vietnanmese black coffee with milk Cappuccino Espresso Hot chocolate","_links":{"self":[{"href":"https:\/\/ishidaya3.vn\/vi\/wp-json\/wp\/v2\/pages\/2576","targetHints":{"allow":["GET"]}}],"collection":[{"href":"https:\/\/ishidaya3.vn\/vi\/wp-json\/wp\/v2\/pages"}],"about":[{"href":"https:\/\/ishidaya3.vn\/vi\/wp-json\/wp\/v2\/types\/page"}],"author":[{"embeddable":true,"href":"https:\/\/ishidaya3.vn\/vi\/wp-json\/wp\/v2\/users\/4"}],"replies":[{"embeddable":true,"href":"https:\/\/ishidaya3.vn\/vi\/wp-json\/wp\/v2\/comments?post=2576"}],"version-history":[{"count":37,"href":"https:\/\/ishidaya3.vn\/vi\/wp-json\/wp\/v2\/pages\/2576\/revisions"}],"predecessor-version":[{"id":4033,"href":"https:\/\/ishidaya3.vn\/vi\/wp-json\/wp\/v2\/pages\/2576\/revisions\/4033"}],"up":[{"embeddable":true,"href":"https:\/\/ishidaya3.vn\/vi\/wp-json\/wp\/v2\/pages\/535"}],"wp:attachment":[{"href":"https:\/\/ishidaya3.vn\/vi\/wp-json\/wp\/v2\/media?parent=2576"}],"curies":[{"name":"wp","href":"https:\/\/api.w.org\/{rel}","templated":true}]}}