{"id":4434,"date":"2025-05-13T04:20:41","date_gmt":"2025-05-13T04:20:41","guid":{"rendered":"https:\/\/ishidaya3.vn\/?page_id=4434"},"modified":"2026-04-21T06:18:28","modified_gmt":"2026-04-21T06:18:28","slug":"news","status":"publish","type":"page","link":"https:\/\/ishidaya3.vn\/vi\/news\/","title":{"rendered":"Tin t\u1ee9c"},"content":{"rendered":"<div class=\"wp-block-uagb-container uagb-block-b846c9c7 alignfull uagb-is-root-container\"><div class=\"uagb-container__shape uagb-container__shape-bottom uagb-container__invert\" data-negative=\"false\"><svg xmlns=\"https:\/\/www.w3.org\/2000\/svg\" viewbox=\"0 0 700 10\" preserveaspectratio=\"none\"><path class=\"uagb-container__shape-fill\" d=\"M350,10L340,0h20L350,10z\"><\/path><\/svg><\/div><div class=\"uagb-container-inner-blocks-wrap\">\n<div class=\"wp-block-uagb-info-box uagb-block-070b664c uagb-infobox__content-wrap  uagb-infobox-icon-above-title uagb-infobox-image-valign-top wp-block-uagb-info-box--has-margin\"><div class=\"uagb-infobox-margin-wrapper\"><div class=\"uagb-ifb-content\"><div class=\"uagb-ifb-title-wrap\"><h1 class=\"uagb-ifb-title\">Tin t\u1ee9c<\/h1><\/div><\/div><\/div><\/div>\n<\/div><\/div>\n\n\n\n<div class=\"wp-block-uagb-container uagb-block-8cdd63bb alignfull uagb-is-root-container\"><div class=\"uagb-container-inner-blocks-wrap\">\n<div class=\"wp-block-query is-layout-constrained wp-block-query-is-layout-constrained\"><ul class=\"columns-3 wp-block-post-template is-layout-grid wp-container-core-post-template-is-layout-125c70a0 wp-block-post-template-is-layout-grid\"><li class=\"wp-block-post post-4503 post type-post status-publish format-standard has-post-thumbnail hentry category-uncategorized\">\n\n<div class=\"wp-block-group is-layout-flow wp-block-group-is-layout-flow\" style=\"padding-top:30px;padding-right:30px;padding-bottom:30px;padding-left:30px\"><figure style=\"aspect-ratio:4\/3;\" class=\"wp-block-post-featured-image\"><a href=\"https:\/\/ishidaya3.vn\/vi\/colours-symphony-at-ishidaya\/\" target=\"_self\"><img loading=\"lazy\" decoding=\"async\" width=\"1080\" height=\"1080\" src=\"https:\/\/ishidaya3.vn\/wp-content\/uploads\/2025\/05\/hoa-ca-mau-sac-3.jpg\" class=\"attachment-post-thumbnail size-post-thumbnail wp-post-image\" alt=\"B\u1ea3n h\u00f2a ca r\u1ed9n r\u00e0ng c\u1ee7a m\u00e0u s\u1eafc t\u1ea1i Ishidaya\" style=\"width:100%;height:100%;object-fit:cover;\" srcset=\"https:\/\/ishidaya3.vn\/wp-content\/uploads\/2025\/05\/hoa-ca-mau-sac-3.jpg 1080w, https:\/\/ishidaya3.vn\/wp-content\/uploads\/2025\/05\/hoa-ca-mau-sac-3-300x300.jpg 300w, https:\/\/ishidaya3.vn\/wp-content\/uploads\/2025\/05\/hoa-ca-mau-sac-3-1024x1024.jpg 1024w, https:\/\/ishidaya3.vn\/wp-content\/uploads\/2025\/05\/hoa-ca-mau-sac-3-150x150.jpg 150w, https:\/\/ishidaya3.vn\/wp-content\/uploads\/2025\/05\/hoa-ca-mau-sac-3-768x768.jpg 768w, https:\/\/ishidaya3.vn\/wp-content\/uploads\/2025\/05\/hoa-ca-mau-sac-3-200x200.jpg 200w, https:\/\/ishidaya3.vn\/wp-content\/uploads\/2025\/05\/hoa-ca-mau-sac-3-12x12.jpg 12w\" sizes=\"auto, (max-width: 1080px) 100vw, 1080px\" \/><\/a><\/figure>\n\n<h2 class=\"wp-block-post-title has-medium-font-size\"><a href=\"https:\/\/ishidaya3.vn\/vi\/colours-symphony-at-ishidaya\/\" target=\"_self\">B\u1ea3n h\u00f2a ca r\u1ed9n r\u00e0ng c\u1ee7a m\u00e0u s\u1eafc t\u1ea1i Ishidaya<\/a><\/h2>\n\n<div style=\"font-size:14px;\" class=\"has-link-color wp-elements-411c15e72a781a114139bebc766b0a98 wp-block-post-excerpt\"><p class=\"wp-block-post-excerpt__excerpt\">T\u1ea1i ISHIDAYA, ch\u00fang t\u00f4i ki\u1ebfn t\u1ea1o m\u1ed9t b\u1ea3n giao h\u01b0\u1edfng \u0111a gi\u00e1c quan, n\u01a1i v\u1ecb gi\u00e1c \u0111\u01b0\u1ee3c th\u0103ng hoa c\u00f9ng v\u00e0 th\u1ecb gi\u00e1c c\u0169ng ph\u1ea3i lay \u0111\u1ed9ng.<\/p><p class=\"wp-block-post-excerpt__more-text\"><a class=\"wp-block-post-excerpt__more-link\" href=\"https:\/\/ishidaya3.vn\/vi\/colours-symphony-at-ishidaya\/\">Kh\u00e1m ph\u00e1 ngay<\/a><\/p><\/div><\/div>\n\n<\/li><li class=\"wp-block-post post-4499 post type-post status-publish format-standard has-post-thumbnail hentry category-uncategorized\">\n\n<div class=\"wp-block-group is-layout-flow wp-block-group-is-layout-flow\" style=\"padding-top:30px;padding-right:30px;padding-bottom:30px;padding-left:30px\"><figure style=\"aspect-ratio:4\/3;\" class=\"wp-block-post-featured-image\"><a href=\"https:\/\/ishidaya3.vn\/vi\/table-side-preparation-of-kuzukiri\/\" target=\"_self\"><img loading=\"lazy\" decoding=\"async\" width=\"1080\" height=\"1350\" src=\"https:\/\/ishidaya3.vn\/wp-content\/uploads\/2025\/05\/Instagram-post-21.jpg\" class=\"attachment-post-thumbnail size-post-thumbnail wp-post-image\" alt=\"Kuzukiri l\u00e0m t\u1ea1i b\u00e0n\" style=\"width:100%;height:100%;object-fit:cover;\" srcset=\"https:\/\/ishidaya3.vn\/wp-content\/uploads\/2025\/05\/Instagram-post-21.jpg 1080w, https:\/\/ishidaya3.vn\/wp-content\/uploads\/2025\/05\/Instagram-post-21-240x300.jpg 240w, https:\/\/ishidaya3.vn\/wp-content\/uploads\/2025\/05\/Instagram-post-21-819x1024.jpg 819w, https:\/\/ishidaya3.vn\/wp-content\/uploads\/2025\/05\/Instagram-post-21-768x960.jpg 768w, https:\/\/ishidaya3.vn\/wp-content\/uploads\/2025\/05\/Instagram-post-21-160x200.jpg 160w, https:\/\/ishidaya3.vn\/wp-content\/uploads\/2025\/05\/Instagram-post-21-10x12.jpg 10w\" sizes=\"auto, (max-width: 1080px) 100vw, 1080px\" \/><\/a><\/figure>\n\n<h2 class=\"wp-block-post-title has-medium-font-size\"><a href=\"https:\/\/ishidaya3.vn\/vi\/table-side-preparation-of-kuzukiri\/\" target=\"_self\">Kuzukiri l\u00e0m t\u1ea1i b\u00e0n<\/a><\/h2>\n\n<div style=\"font-size:14px;\" class=\"has-link-color wp-elements-411c15e72a781a114139bebc766b0a98 wp-block-post-excerpt\"><p class=\"wp-block-post-excerpt__excerpt\">Kh\u00e9p l\u1ea1i tr\u1ecdn v\u1eb9n tr\u1ea3i nghi\u1ec7m Omakase v\u1edbi \"Sashimi c\u1ee7a n\u00fai\" - Nh\u1eb9 nh\u00e0ng, m\u1ec1m m\u1ecbn v\u00e0 \u0111\u1ea7y tinh t\u1ebf<\/p><p class=\"wp-block-post-excerpt__more-text\"><a class=\"wp-block-post-excerpt__more-link\" href=\"https:\/\/ishidaya3.vn\/vi\/table-side-preparation-of-kuzukiri\/\">Kh\u00e1m ph\u00e1 ngay<\/a><\/p><\/div><\/div>\n\n<\/li><li class=\"wp-block-post post-4496 post type-post status-publish format-standard has-post-thumbnail hentry category-uncategorized\">\n\n<div class=\"wp-block-group is-layout-flow wp-block-group-is-layout-flow\" style=\"padding-top:30px;padding-right:30px;padding-bottom:30px;padding-left:30px\"><figure style=\"aspect-ratio:4\/3;\" class=\"wp-block-post-featured-image\"><a href=\"https:\/\/ishidaya3.vn\/vi\/premium-japanese-matcha-at-ishidaya\/\" target=\"_self\"><img loading=\"lazy\" decoding=\"async\" width=\"1080\" height=\"1080\" src=\"https:\/\/ishidaya3.vn\/wp-content\/uploads\/2025\/05\/matcha-ceremonial-3.jpg\" class=\"attachment-post-thumbnail size-post-thumbnail wp-post-image\" alt=\"Matcha Nh\u1eadt B\u1ea3n th\u01b0\u1ee3ng h\u1ea1ng t\u1ea1i ISHIDAYA\" style=\"width:100%;height:100%;object-fit:cover;\" srcset=\"https:\/\/ishidaya3.vn\/wp-content\/uploads\/2025\/05\/matcha-ceremonial-3.jpg 1080w, https:\/\/ishidaya3.vn\/wp-content\/uploads\/2025\/05\/matcha-ceremonial-3-300x300.jpg 300w, https:\/\/ishidaya3.vn\/wp-content\/uploads\/2025\/05\/matcha-ceremonial-3-1024x1024.jpg 1024w, https:\/\/ishidaya3.vn\/wp-content\/uploads\/2025\/05\/matcha-ceremonial-3-150x150.jpg 150w, https:\/\/ishidaya3.vn\/wp-content\/uploads\/2025\/05\/matcha-ceremonial-3-768x768.jpg 768w, https:\/\/ishidaya3.vn\/wp-content\/uploads\/2025\/05\/matcha-ceremonial-3-200x200.jpg 200w, https:\/\/ishidaya3.vn\/wp-content\/uploads\/2025\/05\/matcha-ceremonial-3-12x12.jpg 12w\" sizes=\"auto, (max-width: 1080px) 100vw, 1080px\" \/><\/a><\/figure>\n\n<h2 class=\"wp-block-post-title has-medium-font-size\"><a href=\"https:\/\/ishidaya3.vn\/vi\/premium-japanese-matcha-at-ishidaya\/\" target=\"_self\">Matcha Nh\u1eadt B\u1ea3n th\u01b0\u1ee3ng h\u1ea1ng t\u1ea1i ISHIDAYA<\/a><\/h2>\n\n<div style=\"font-size:14px;\" class=\"has-link-color wp-elements-411c15e72a781a114139bebc766b0a98 wp-block-post-excerpt\"><p class=\"wp-block-post-excerpt__excerpt\">Th\u01b0\u1edfng th\u1ee9c Matcha Nh\u1eadt B\u1ea3n th\u01b0\u1ee3ng h\u1ea1ng t\u1ea1i ISHIDAYA \ud83c\udf75<\/p><p class=\"wp-block-post-excerpt__more-text\"><a class=\"wp-block-post-excerpt__more-link\" href=\"https:\/\/ishidaya3.vn\/vi\/premium-japanese-matcha-at-ishidaya\/\">Kh\u00e1m ph\u00e1 ngay<\/a><\/p><\/div><\/div>\n\n<\/li><li class=\"wp-block-post post-4493 post type-post status-publish format-standard has-post-thumbnail hentry category-uncategorized\">\n\n<div class=\"wp-block-group is-layout-flow wp-block-group-is-layout-flow\" style=\"padding-top:30px;padding-right:30px;padding-bottom:30px;padding-left:30px\"><figure style=\"aspect-ratio:4\/3;\" class=\"wp-block-post-featured-image\"><a href=\"https:\/\/ishidaya3.vn\/vi\/tempura\/\" target=\"_self\"><img loading=\"lazy\" decoding=\"async\" width=\"900\" height=\"900\" src=\"https:\/\/ishidaya3.vn\/wp-content\/uploads\/2025\/05\/Tempura-4.jpg\" class=\"attachment-post-thumbnail size-post-thumbnail wp-post-image\" alt=\"Tempura\" style=\"width:100%;height:100%;object-fit:cover;\" srcset=\"https:\/\/ishidaya3.vn\/wp-content\/uploads\/2025\/05\/Tempura-4.jpg 900w, https:\/\/ishidaya3.vn\/wp-content\/uploads\/2025\/05\/Tempura-4-300x300.jpg 300w, https:\/\/ishidaya3.vn\/wp-content\/uploads\/2025\/05\/Tempura-4-150x150.jpg 150w, https:\/\/ishidaya3.vn\/wp-content\/uploads\/2025\/05\/Tempura-4-768x768.jpg 768w, https:\/\/ishidaya3.vn\/wp-content\/uploads\/2025\/05\/Tempura-4-200x200.jpg 200w, https:\/\/ishidaya3.vn\/wp-content\/uploads\/2025\/05\/Tempura-4-12x12.jpg 12w\" sizes=\"auto, (max-width: 900px) 100vw, 900px\" \/><\/a><\/figure>\n\n<h2 class=\"wp-block-post-title has-medium-font-size\"><a href=\"https:\/\/ishidaya3.vn\/vi\/tempura\/\" target=\"_self\">Tempura<\/a><\/h2>\n\n<div style=\"font-size:14px;\" class=\"has-link-color wp-elements-411c15e72a781a114139bebc766b0a98 wp-block-post-excerpt\"><p class=\"wp-block-post-excerpt__excerpt\">Tempura truy\u1ec1n th\u1ed1ng Nh\u1eadt B\u1ea3n\nM\u00f3n d\u00e0nh ri\u00eang cho th\u1ef1c \u0111\u01a1n \u0111\u1eb7c bi\u1ec7t c\u1ee7a b\u1ebfp tr\u01b0\u1edfng t\u1ea1i ISHIDAYA<\/p><p class=\"wp-block-post-excerpt__more-text\"><a class=\"wp-block-post-excerpt__more-link\" href=\"https:\/\/ishidaya3.vn\/vi\/tempura\/\">Kh\u00e1m ph\u00e1 ngay<\/a><\/p><\/div><\/div>\n\n<\/li><li class=\"wp-block-post post-4484 post type-post status-publish format-standard has-post-thumbnail hentry category-uncategorized\">\n\n<div class=\"wp-block-group is-layout-flow wp-block-group-is-layout-flow\" style=\"padding-top:30px;padding-right:30px;padding-bottom:30px;padding-left:30px\"><figure style=\"aspect-ratio:4\/3;\" class=\"wp-block-post-featured-image\"><a href=\"https:\/\/ishidaya3.vn\/vi\/gift-voucher\/\" target=\"_self\"><img loading=\"lazy\" decoding=\"async\" width=\"1080\" height=\"1350\" src=\"https:\/\/ishidaya3.vn\/wp-content\/uploads\/2025\/05\/Tang-banh-thiep.jpg\" class=\"attachment-post-thumbnail size-post-thumbnail wp-post-image\" alt=\"Thi\u1ec7p qu\u00e0 t\u1eb7ng\" style=\"width:100%;height:100%;object-fit:cover;\" srcset=\"https:\/\/ishidaya3.vn\/wp-content\/uploads\/2025\/05\/Tang-banh-thiep.jpg 1080w, https:\/\/ishidaya3.vn\/wp-content\/uploads\/2025\/05\/Tang-banh-thiep-240x300.jpg 240w, https:\/\/ishidaya3.vn\/wp-content\/uploads\/2025\/05\/Tang-banh-thiep-819x1024.jpg 819w, https:\/\/ishidaya3.vn\/wp-content\/uploads\/2025\/05\/Tang-banh-thiep-768x960.jpg 768w, https:\/\/ishidaya3.vn\/wp-content\/uploads\/2025\/05\/Tang-banh-thiep-160x200.jpg 160w, https:\/\/ishidaya3.vn\/wp-content\/uploads\/2025\/05\/Tang-banh-thiep-10x12.jpg 10w\" sizes=\"auto, (max-width: 1080px) 100vw, 1080px\" \/><\/a><\/figure>\n\n<h2 class=\"wp-block-post-title has-medium-font-size\"><a href=\"https:\/\/ishidaya3.vn\/vi\/gift-voucher\/\" target=\"_self\">Thi\u1ec7p qu\u00e0 t\u1eb7ng<\/a><\/h2>\n\n<div style=\"font-size:14px;\" class=\"has-link-color wp-elements-411c15e72a781a114139bebc766b0a98 wp-block-post-excerpt\"><p class=\"wp-block-post-excerpt__excerpt\">V\u1edbi mong mu\u1ed1n \u0111\u01b0\u1ee3c \u0111\u1ed3ng h\u00e0nh c\u00f9ng qu\u00fd th\u1ef1c kh\u00e1ch \u0111\u1ec3 tr\u00e2n tr\u1ecdng t\u1eebng kho\u1ea3nh kh\u1eafc h\u1ea1nh ph\u00fac<\/p><p class=\"wp-block-post-excerpt__more-text\"><a class=\"wp-block-post-excerpt__more-link\" href=\"https:\/\/ishidaya3.vn\/vi\/gift-voucher\/\">Kh\u00e1m ph\u00e1 ngay<\/a><\/p><\/div><\/div>\n\n<\/li><li class=\"wp-block-post post-4480 post type-post status-publish format-standard has-post-thumbnail hentry category-uncategorized\">\n\n<div class=\"wp-block-group is-layout-flow wp-block-group-is-layout-flow\" style=\"padding-top:30px;padding-right:30px;padding-bottom:30px;padding-left:30px\"><figure style=\"aspect-ratio:4\/3;\" class=\"wp-block-post-featured-image\"><a href=\"https:\/\/ishidaya3.vn\/vi\/seasonal-menu-may\/\" target=\"_self\"><img loading=\"lazy\" decoding=\"async\" width=\"1080\" height=\"1080\" src=\"https:\/\/ishidaya3.vn\/wp-content\/uploads\/2025\/05\/may-menu-4.jpg\" class=\"attachment-post-thumbnail size-post-thumbnail wp-post-image\" alt=\"Seasonal Menu &#8211; May\" style=\"width:100%;height:100%;object-fit:cover;\" srcset=\"https:\/\/ishidaya3.vn\/wp-content\/uploads\/2025\/05\/may-menu-4.jpg 1080w, https:\/\/ishidaya3.vn\/wp-content\/uploads\/2025\/05\/may-menu-4-300x300.jpg 300w, https:\/\/ishidaya3.vn\/wp-content\/uploads\/2025\/05\/may-menu-4-1024x1024.jpg 1024w, https:\/\/ishidaya3.vn\/wp-content\/uploads\/2025\/05\/may-menu-4-150x150.jpg 150w, https:\/\/ishidaya3.vn\/wp-content\/uploads\/2025\/05\/may-menu-4-768x768.jpg 768w, https:\/\/ishidaya3.vn\/wp-content\/uploads\/2025\/05\/may-menu-4-200x200.jpg 200w, https:\/\/ishidaya3.vn\/wp-content\/uploads\/2025\/05\/may-menu-4-12x12.jpg 12w\" sizes=\"auto, (max-width: 1080px) 100vw, 1080px\" \/><\/a><\/figure>\n\n<h2 class=\"wp-block-post-title has-medium-font-size\"><a href=\"https:\/\/ishidaya3.vn\/vi\/seasonal-menu-may\/\" target=\"_self\">Menu theo m\u00f9a - Th\u00e1ng 5<\/a><\/h2>\n\n<div style=\"font-size:14px;\" class=\"has-link-color wp-elements-411c15e72a781a114139bebc766b0a98 wp-block-post-excerpt\"><p class=\"wp-block-post-excerpt__excerpt\">Th\u1ef1c \u0111\u01a1n th\u00e1ng 5 t\u1ea1i ISHIDAYA - Kh\u00fac ca \u0111\u1eb7c bi\u1ec7t d\u00e0nh ri\u00eang cho m\u00f9a h\u00e8 r\u1ef1c r\u1ee1<\/p><p class=\"wp-block-post-excerpt__more-text\"><a class=\"wp-block-post-excerpt__more-link\" href=\"https:\/\/ishidaya3.vn\/vi\/seasonal-menu-may\/\">Kh\u00e1m ph\u00e1 ngay<\/a><\/p><\/div><\/div>\n\n<\/li><li class=\"wp-block-post post-4446 post type-post status-publish format-standard has-post-thumbnail hentry category-uncategorized\">\n\n<div class=\"wp-block-group is-layout-flow wp-block-group-is-layout-flow\" style=\"padding-top:30px;padding-right:30px;padding-bottom:30px;padding-left:30px\"><figure style=\"aspect-ratio:4\/3;\" class=\"wp-block-post-featured-image\"><a href=\"https:\/\/ishidaya3.vn\/vi\/wine-offers-for-may\/\" target=\"_self\"><img loading=\"lazy\" decoding=\"async\" width=\"1050\" height=\"1575\" src=\"https:\/\/ishidaya3.vn\/wp-content\/uploads\/2025\/05\/anh-bia-FB.jpg\" class=\"attachment-post-thumbnail size-post-thumbnail wp-post-image\" alt=\"\u01afu \u0111\u00e3i r\u01b0\u1ee3u th\u00e1ng 5\" style=\"width:100%;height:100%;object-fit:cover;\" srcset=\"https:\/\/ishidaya3.vn\/wp-content\/uploads\/2025\/05\/anh-bia-FB.jpg 1050w, https:\/\/ishidaya3.vn\/wp-content\/uploads\/2025\/05\/anh-bia-FB-200x300.jpg 200w, https:\/\/ishidaya3.vn\/wp-content\/uploads\/2025\/05\/anh-bia-FB-683x1024.jpg 683w, https:\/\/ishidaya3.vn\/wp-content\/uploads\/2025\/05\/anh-bia-FB-768x1152.jpg 768w, https:\/\/ishidaya3.vn\/wp-content\/uploads\/2025\/05\/anh-bia-FB-133x200.jpg 133w, https:\/\/ishidaya3.vn\/wp-content\/uploads\/2025\/05\/anh-bia-FB-1024x1536.jpg 1024w, https:\/\/ishidaya3.vn\/wp-content\/uploads\/2025\/05\/anh-bia-FB-8x12.jpg 8w\" sizes=\"auto, (max-width: 1050px) 100vw, 1050px\" \/><\/a><\/figure>\n\n<h2 class=\"wp-block-post-title has-medium-font-size\"><a href=\"https:\/\/ishidaya3.vn\/vi\/wine-offers-for-may\/\" target=\"_self\">\u01afu \u0111\u00e3i r\u01b0\u1ee3u th\u00e1ng 5<\/a><\/h2>\n\n<div style=\"font-size:14px;\" class=\"has-link-color wp-elements-411c15e72a781a114139bebc766b0a98 wp-block-post-excerpt\"><p class=\"wp-block-post-excerpt__excerpt\">\u0110i\u1ec3m nh\u1ea5n ho\u00e0n h\u1ea3o cho tr\u1ea3i nghi\u1ec7m Omakase \u0111\u1ea7y th\u0103ng hoa<br>\n\u01afu \u0111\u00e3i 10% cho BST r\u01b0\u1ee3u tuy\u1ec3n ch\u1ecdn \u0111\u1eb7c bi\u1ec7t c\u1ee7a th\u00e1ng 5<\/p><p class=\"wp-block-post-excerpt__more-text\"><a class=\"wp-block-post-excerpt__more-link\" href=\"https:\/\/ishidaya3.vn\/vi\/wine-offers-for-may\/\">Kh\u00e1m ph\u00e1 ngay<\/a><\/p><\/div><\/div>\n\n<\/li><li class=\"wp-block-post post-4409 post type-post status-publish format-standard has-post-thumbnail hentry category-uncategorized\">\n\n<div class=\"wp-block-group is-layout-flow wp-block-group-is-layout-flow\" style=\"padding-top:30px;padding-right:30px;padding-bottom:30px;padding-left:30px\"><figure style=\"aspect-ratio:4\/3;\" class=\"wp-block-post-featured-image\"><a href=\"https:\/\/ishidaya3.vn\/vi\/holiday-schedule\/\" target=\"_self\"><img loading=\"lazy\" decoding=\"async\" width=\"1638\" height=\"2048\" src=\"https:\/\/ishidaya3.vn\/wp-content\/uploads\/2025\/04\/nghileishidaya.jpg\" class=\"attachment-post-thumbnail size-post-thumbnail wp-post-image\" alt=\"L\u1ecbch ngh\u1ec9 l\u1ec5\" style=\"width:100%;height:100%;object-fit:cover;\" srcset=\"https:\/\/ishidaya3.vn\/wp-content\/uploads\/2025\/04\/nghileishidaya.jpg 1638w, https:\/\/ishidaya3.vn\/wp-content\/uploads\/2025\/04\/nghileishidaya-240x300.jpg 240w, https:\/\/ishidaya3.vn\/wp-content\/uploads\/2025\/04\/nghileishidaya-819x1024.jpg 819w, https:\/\/ishidaya3.vn\/wp-content\/uploads\/2025\/04\/nghileishidaya-768x960.jpg 768w, https:\/\/ishidaya3.vn\/wp-content\/uploads\/2025\/04\/nghileishidaya-160x200.jpg 160w, https:\/\/ishidaya3.vn\/wp-content\/uploads\/2025\/04\/nghileishidaya-1229x1536.jpg 1229w, https:\/\/ishidaya3.vn\/wp-content\/uploads\/2025\/04\/nghileishidaya-10x12.jpg 10w\" sizes=\"auto, (max-width: 1638px) 100vw, 1638px\" \/><\/a><\/figure>\n\n<h2 class=\"wp-block-post-title has-medium-font-size\"><a href=\"https:\/\/ishidaya3.vn\/vi\/holiday-schedule\/\" target=\"_self\">L\u1ecbch ngh\u1ec9 l\u1ec5<\/a><\/h2>\n\n<div style=\"font-size:14px;\" class=\"has-link-color wp-elements-411c15e72a781a114139bebc766b0a98 wp-block-post-excerpt\"><p class=\"wp-block-post-excerpt__excerpt\">Qu\u00fd kh\u00e1ch th\u00e2n m\u1ebfn,\n\nNh\u00e0 h\u00e0ng xin \u0111\u01b0\u1ee3c g\u1eedi \u0111\u1ebfn qu\u00fd th\u1ef1c kh\u00e1ch th\u00f4ng b\u00e1o ngh\u1ec9 l\u1ec5 c\u1ee7a ch\u00fang t\u00f4i. H\u1eb9n g\u1eb7p b\u1ea1n t\u1ea1i ISHIDAYA v\u00e0o ng\u00e0y 2\/5, b\u1ea1n nh\u00e9!<\/p><p class=\"wp-block-post-excerpt__more-text\"><a class=\"wp-block-post-excerpt__more-link\" href=\"https:\/\/ishidaya3.vn\/vi\/holiday-schedule\/\">Kh\u00e1m ph\u00e1 ngay<\/a><\/p><\/div><\/div>\n\n<\/li><li class=\"wp-block-post post-3406 post type-post status-publish format-standard has-post-thumbnail hentry category-uncategorized\">\n\n<div class=\"wp-block-group is-layout-flow wp-block-group-is-layout-flow\" style=\"padding-top:30px;padding-right:30px;padding-bottom:30px;padding-left:30px\"><figure style=\"aspect-ratio:4\/3;\" class=\"wp-block-post-featured-image\"><a href=\"https:\/\/ishidaya3.vn\/vi\/grand-opening-announcement-of-ishidaya-3rd-generation\/\" target=\"_self\"><img loading=\"lazy\" decoding=\"async\" width=\"1710\" height=\"2560\" src=\"https:\/\/ishidaya3.vn\/wp-content\/uploads\/2025\/03\/DSCF4205-scaled.jpg\" class=\"attachment-post-thumbnail size-post-thumbnail wp-post-image\" alt=\"Th\u00f4ng B\u00e1o Khai Tr\u01b0\u01a1ng Nh\u00e0 H\u00e0ng ISHIDAYA Th\u1ebf H\u1ec7 Th\u1ee9 3\" style=\"width:100%;height:100%;object-fit:cover;\" srcset=\"https:\/\/ishidaya3.vn\/wp-content\/uploads\/2025\/03\/DSCF4205-scaled.jpg 1710w, https:\/\/ishidaya3.vn\/wp-content\/uploads\/2025\/03\/DSCF4205-200x300.jpg 200w, https:\/\/ishidaya3.vn\/wp-content\/uploads\/2025\/03\/DSCF4205-684x1024.jpg 684w, https:\/\/ishidaya3.vn\/wp-content\/uploads\/2025\/03\/DSCF4205-768x1150.jpg 768w, https:\/\/ishidaya3.vn\/wp-content\/uploads\/2025\/03\/DSCF4205-134x200.jpg 134w, https:\/\/ishidaya3.vn\/wp-content\/uploads\/2025\/03\/DSCF4205-1026x1536.jpg 1026w, https:\/\/ishidaya3.vn\/wp-content\/uploads\/2025\/03\/DSCF4205-1368x2048.jpg 1368w, https:\/\/ishidaya3.vn\/wp-content\/uploads\/2025\/03\/DSCF4205-8x12.jpg 8w\" sizes=\"auto, (max-width: 1710px) 100vw, 1710px\" \/><\/a><\/figure>\n\n<h2 class=\"wp-block-post-title has-medium-font-size\"><a href=\"https:\/\/ishidaya3.vn\/vi\/grand-opening-announcement-of-ishidaya-3rd-generation\/\" target=\"_self\">Th\u00f4ng B\u00e1o Khai Tr\u01b0\u01a1ng Nh\u00e0 H\u00e0ng ISHIDAYA Th\u1ebf H\u1ec7 Th\u1ee9 3<\/a><\/h2>\n\n<div style=\"font-size:14px;\" class=\"has-link-color wp-elements-411c15e72a781a114139bebc766b0a98 wp-block-post-excerpt\"><p class=\"wp-block-post-excerpt__excerpt\"><\/p><p class=\"wp-block-post-excerpt__more-text\"><a class=\"wp-block-post-excerpt__more-link\" href=\"https:\/\/ishidaya3.vn\/vi\/grand-opening-announcement-of-ishidaya-3rd-generation\/\">Kh\u00e1m ph\u00e1 ngay<\/a><\/p><\/div><\/div>\n\n<\/li><\/ul><\/div>\n<\/div><\/div>","protected":false},"excerpt":{"rendered":"","protected":false},"author":4,"featured_media":0,"parent":0,"menu_order":0,"comment_status":"closed","ping_status":"closed","template":"","meta":{"_gspb_post_css":"","_uag_custom_page_level_css":"","site-sidebar-layout":"default","site-content-layout":"","ast-site-content-layout":"default","site-content-style":"unboxed","site-sidebar-style":"default","ast-global-header-display":"","ast-banner-title-visibility":"","ast-main-header-display":"","ast-hfb-above-header-display":"","ast-hfb-below-header-display":"","ast-hfb-mobile-header-display":"","site-post-title":"disabled","ast-breadcrumbs-content":"","ast-featured-img":"","footer-sml-layout":"","ast-disable-related-posts":"","theme-transparent-header-meta":"","adv-header-id-meta":"","stick-header-meta":"","header-above-stick-meta":"","header-main-stick-meta":"","header-below-stick-meta":"","astra-migrate-meta-layouts":"set","ast-page-background-enabled":"default","ast-page-background-meta":{"desktop":{"background-color":"","background-image":"","background-repeat":"repeat","background-position":"center center","background-size":"auto","background-attachment":"scroll","background-type":"","background-media":"","overlay-type":"","overlay-color":"","overlay-opacity":"","overlay-gradient":""},"tablet":{"background-color":"","background-image":"","background-repeat":"repeat","background-position":"center center","background-size":"auto","background-attachment":"scroll","background-type":"","background-media":"","overlay-type":"","overlay-color":"","overlay-opacity":"","overlay-gradient":""},"mobile":{"background-color":"","background-image":"","background-repeat":"repeat","background-position":"center center","background-size":"auto","background-attachment":"scroll","background-type":"","background-media":"","overlay-type":"","overlay-color":"","overlay-opacity":"","overlay-gradient":""}},"ast-content-background-meta":{"desktop":{"background-color":"var(--ast-global-color-5)","background-image":"","background-repeat":"repeat","background-position":"center center","background-size":"auto","background-attachment":"scroll","background-type":"","background-media":"","overlay-type":"","overlay-color":"","overlay-opacity":"","overlay-gradient":""},"tablet":{"background-color":"var(--ast-global-color-5)","background-image":"","background-repeat":"repeat","background-position":"center center","background-size":"auto","background-attachment":"scroll","background-type":"","background-media":"","overlay-type":"","overlay-color":"","overlay-opacity":"","overlay-gradient":""},"mobile":{"background-color":"var(--ast-global-color-5)","background-image":"","background-repeat":"repeat","background-position":"center center","background-size":"auto","background-attachment":"scroll","background-type":"","background-media":"","overlay-type":"","overlay-color":"","overlay-opacity":"","overlay-gradient":""}},"footnotes":""},"class_list":["post-4434","page","type-page","status-publish","hentry"],"uagb_featured_image_src":{"full":false,"thumbnail":false,"medium":false,"medium_large":false,"large":false,"etfrtb_logo":false,"1536x1536":false,"2048x2048":false,"trp-custom-language-flag":false},"uagb_author_info":{"display_name":"Ishiday3","author_link":"https:\/\/ishidaya3.vn\/vi\/author\/superadmin_wfc\/"},"uagb_comment_info":0,"uagb_excerpt":null,"_links":{"self":[{"href":"https:\/\/ishidaya3.vn\/vi\/wp-json\/wp\/v2\/pages\/4434","targetHints":{"allow":["GET"]}}],"collection":[{"href":"https:\/\/ishidaya3.vn\/vi\/wp-json\/wp\/v2\/pages"}],"about":[{"href":"https:\/\/ishidaya3.vn\/vi\/wp-json\/wp\/v2\/types\/page"}],"author":[{"embeddable":true,"href":"https:\/\/ishidaya3.vn\/vi\/wp-json\/wp\/v2\/users\/4"}],"replies":[{"embeddable":true,"href":"https:\/\/ishidaya3.vn\/vi\/wp-json\/wp\/v2\/comments?post=4434"}],"version-history":[{"count":23,"href":"https:\/\/ishidaya3.vn\/vi\/wp-json\/wp\/v2\/pages\/4434\/revisions"}],"predecessor-version":[{"id":5212,"href":"https:\/\/ishidaya3.vn\/vi\/wp-json\/wp\/v2\/pages\/4434\/revisions\/5212"}],"wp:attachment":[{"href":"https:\/\/ishidaya3.vn\/vi\/wp-json\/wp\/v2\/media?parent=4434"}],"curies":[{"name":"wp","href":"https:\/\/api.w.org\/{rel}","templated":true}]}}