{"id":533,"date":"2025-02-14T01:41:26","date_gmt":"2025-02-14T01:41:26","guid":{"rendered":"https:\/\/ishidaya3.vn\/index.php\/about-us\/"},"modified":"2025-11-07T08:42:31","modified_gmt":"2025-11-07T08:42:31","slug":"about-us","status":"publish","type":"page","link":"https:\/\/ishidaya3.vn\/vi\/about-us\/","title":{"rendered":"V\u1ec1 ch\u00fang t\u00f4i"},"content":{"rendered":"<div class=\"wp-block-uagb-container uagb-block-b846c9c7 alignfull uagb-is-root-container\"><div class=\"uagb-container__shape uagb-container__shape-bottom uagb-container__invert\" data-negative=\"false\"><svg xmlns=\"https:\/\/www.w3.org\/2000\/svg\" viewbox=\"0 0 700 10\" preserveaspectratio=\"none\"><path class=\"uagb-container__shape-fill\" d=\"M350,10L340,0h20L350,10z\"><\/path><\/svg><\/div><div class=\"uagb-container-inner-blocks-wrap\">\n<div class=\"wp-block-uagb-info-box uagb-block-070b664c uagb-infobox__content-wrap  uagb-infobox-icon-above-title uagb-infobox-image-valign-top wp-block-uagb-info-box--has-margin\"><div class=\"uagb-infobox-margin-wrapper\"><div class=\"uagb-ifb-content\"><div class=\"uagb-ifb-title-wrap\"><h1 class=\"uagb-ifb-title\">V\u1ec1 ch\u00fang t\u00f4i<\/h1><\/div><\/div><\/div><\/div>\n<\/div><\/div>\n\n\n\n<div class=\"wp-block-uagb-container uagb-block-68c5db3e alignfull uagb-is-root-container\"><div class=\"uagb-container-inner-blocks-wrap\">\n<div class=\"wp-block-uagb-info-box uagb-block-9fc28a98 uagb-infobox__content-wrap  uagb-infobox-icon-above-title uagb-infobox-image-valign-top\"><div class=\"uagb-ifb-content\"><div class=\"uagb-ifb-title-wrap\"><h2 class=\"uagb-ifb-title-prefix\">Sandaime Ishidaya \u2014 H\u01b0\u01a1ng v\u1ecb di s\u1ea3n, gi\u1eefa l\u00f2ng H\u00e0 N\u1ed9i<\/h2><div class=\"uagb-ifb-separator\"><\/div><\/div><\/div><\/div>\n\n\n\n<div class=\"wp-block-uagb-advanced-heading uagb-block-67f279d6\"><p class=\"uagb-desc-text\">C\u00e1i t\u00ean Ishidaya b\u1eaft ngu\u1ed3n t\u1eeb tinh th\u1ea7n c\u1ee7a Yoshinosuke Ishida, m\u1ed9t samurai sinh ra v\u00e0o th\u1eddi Minh Tr\u1ecb, s\u1ed1ng t\u1ea1i Yaizu, Shizuoka. Tr\u00ean m\u1ea3nh \u0111\u1ea5t giao thoa gi\u1eefa n\u00fai v\u00e0 bi\u1ec3n n\u00e0y, \u00f4ng \u0111\u00e3 c\u1ed1ng hi\u1ebfn c\u1ea3 \u0111\u1eddi \u0111\u1ec3 mang nh\u1eefng tinh hoa c\u1ee7a thi\u00ean nhi\u00ean, t\u1eeb \u0111\u1ea5t li\u1ec1n v\u00e0 \u0111\u1ea1i d\u01b0\u01a1ng \u0111\u1ebfn v\u1edbi m\u1ecdi ng\u01b0\u1eddi, th\u1ec3 hi\u1ec7n m\u1ed9t tri\u1ebft l\u00fd s\u00e2u s\u1eafc r\u1eb1ng: \u1ea9m th\u1ef1c l\u00e0 s\u1ee3i d\u00e2y k\u1ebft n\u1ed1i con ng\u01b0\u1eddi v\u1edbi t\u1ef1 nhi\u00ean.<\/p><\/div>\n\n\n\n<div class=\"wp-block-uagb-advanced-heading uagb-block-ce81237b\"><div class=\"uagb-heading-text\">\u0110\u1ea7u b\u1ebfp th\u1ebf h\u1ec7 th\u1ee9 ba, Takahiro Ishida, \u0111\u00e3 k\u1ebf th\u1eeba tinh th\u1ea7n \u1ea5y v\u00e0 trau d\u1ed3i tay ngh\u1ec1 qua nhi\u1ec1u n\u0103m tu nghi\u1ec7p t\u1ea1i c\u00e1c nh\u00e0 h\u00e0ng danh ti\u1ebfng \u1edf Nh\u1eadt B\u1ea3n v\u00e0 n\u01b0\u1edbc ngo\u00e0i, bao g\u1ed3m c\u1ea3 nh\u1eefng nh\u00e0 h\u00e0ng \u0111\u1ea1t ba sao Michelin.<br>\nN\u0103m 2018, b\u1ecb quy\u1ebfn r\u0169 b\u1edfi s\u1ef1 phong ph\u00fa c\u1ee7a v\u0103n h\u00f3a v\u00e0 \u0111\u1ea5t n\u01b0\u1edbc Vi\u1ec7t Nam, anh \u0111\u00e3 chuy\u1ec3n \u0111\u1ebfn H\u00e0 N\u1ed9i v\u00e0 \u0111\u1ea3m nhi\u1ec7m v\u1ecb tr\u00ed b\u1ebfp tr\u01b0\u1edfng \u0111i\u1ec1u h\u00e0nh t\u1ea1i Kappou Ishida, n\u01a1i anh ti\u1ebfp t\u1ee5c \u0111\u00e0o s\u00e2u tri\u1ebft l\u00fd \u1ea9m th\u1ef1c c\u1ee7a m\u00ecnh. V\u00e0o th\u00e1ng 4 n\u0103m 2025, anh t\u1ef1 h\u00e0o k\u1ebf th\u1eeba t\u00ean tu\u1ed5i c\u1ee7a \u00f4ng m\u00ecnh v\u00e0 khai tr\u01b0\u01a1ng nh\u00e0 h\u00e0ng Sandaime Ishidaya.<\/div><\/div>\n\n\n\t\t\t\t\t<div\n\t\t\t\t\t\tclass=\"wp-block-uagb-image-gallery uagb-block-82c8641e\"\n\t\t\t\t\t\tstyle=\"\"\n\t\t\t\t\t>\n\t\t\t\t\t\t\t\t\t\t\t<div class=\"spectra-image-gallery spectra-image-gallery__layout--carousel\">\n\t\t\t\t\t\t\t\t<div class=\"uagb-slick-carousel uagb-block-82c8641e\">\n\t\t\t\t\t\t\t\t\t\t\t\t<div class='spectra-image-gallery__media-wrapper' data-spectra-gallery-image-id='4055'>\n\t\t\t\t\t\t\t<div class=\"spectra-image-gallery__media spectra-image-gallery__media--carousel\">\n\t\t\t\t<picture>\n\t\t\t\t\t<source media=\"(min-width: 1024px)\" srcset=\"https:\/\/ishidaya3.vn\/wp-content\/uploads\/2025\/03\/ishidayaRoom.png\">\n\t\t\t\t\t<source media=\"(min-width: 768px)\" srcset=\"https:\/\/ishidaya3.vn\/wp-content\/uploads\/2025\/03\/ishidayaRoom.png\">\n\t\t\t\t\t<img decoding=\"async\" class=\"spectra-image-gallery__media-thumbnail spectra-image-gallery__media-thumbnail--carousel\" src=\"https:\/\/ishidaya3.vn\/wp-content\/uploads\/2025\/03\/ishidayaRoom-300x225.png\" alt=\"\" loading=\"lazy\" \/>\n\t\t\t\t<\/picture>\n\t\t\t\t<div class=\"spectra-image-gallery__media-thumbnail-blurrer\"><\/div>\n\t\t\t\t\t\t\t\t\t\t\t<div class=\"spectra-image-gallery__media-thumbnail-caption-wrapper spectra-image-gallery__media-thumbnail-caption-wrapper--overlay\"><\/div>\n\t\t\t\t\t\t\t\t<\/div>\n\t\t\t\t\t\t<\/div>\n\t\t\t\t\t\t\t\t\t\t\t<\/div>\n\t\t\t\t\t\t\t<\/div>\n\t\t\t\t\t\t\t\t\t\t\t<\/div>\n\t\t\t\t\t\t\t\t\t<\/div><\/div>\n\n\n\n<div class=\"wp-block-uagb-container uagb-block-b948ed77 alignfull uagb-is-root-container\"><div class=\"uagb-container-inner-blocks-wrap\">\n<div class=\"wp-block-uagb-container uagb-block-2cf303a4\">\n<div class=\"wp-block-uagb-info-box uagb-block-c36533e3 uagb-infobox__content-wrap  uagb-infobox-icon-above-title uagb-infobox-image-valign-top wp-block-uagb-info-box--has-margin uag-hide-desktop uag-hide-tab uag-hide-mob\"><div class=\"uagb-infobox-margin-wrapper\"><div class=\"uagb-ifb-content\"><div class=\"uagb-ifb-title-wrap\"><\/div><div class=\"uagb-ifb-separator\"><\/div><\/div><\/div><\/div>\n\n\n\n<div class=\"wp-block-uagb-advanced-heading uagb-block-45597d3e\"><p class=\"uagb-heading-text\">C\u00e1i t\u00ean \u201cSandaime\u201d (\u201cth\u1ebf h\u1ec7 th\u1ee9 ba\u201d) kh\u00f4ng ch\u1ec9 mang tr\u00ean m\u00ecnh tr\u1ecdng tr\u00e1ch c\u1ee7a m\u1ed9t di s\u1ea3n, m\u00e0 c\u00f2n l\u00e0 l\u1eddi h\u1ee9a s\u1ebd n\u00e2ng t\u1ea7m truy\u1ec1n th\u1ed1ng l\u00ean m\u1ed9t t\u1ea7m cao m\u1edbi trong t\u01b0\u01a1ng lai.\n\nV\u1edbi t\u00e0i ngh\u1ec7 b\u1eadc th\u1ea7y trong vi\u1ec7c kh\u01a1i d\u1eady tinh hoa c\u1ee7a t\u1eebng nguy\u00ean li\u1ec7u, s\u1ef1 h\u00f2a quy\u1ec7n gi\u1eefa m\u00f3n \u0103n v\u00e0 d\u1ee5ng c\u1ee5 b\u00e0y tr\u00ed, c\u00f9ng l\u00f2ng hi\u1ebfu kh\u00e1ch th\u1ea5m \u0111\u01b0\u1ee3m tinh th\u1ea7n ichigo ichie\u2014cu\u1ed9c g\u1eb7p g\u1ee1 ch\u1ec9 c\u00f3 m\u1ed9t l\u1ea7n trong \u0111\u1eddi\u2014\n\nCh\u00fang t\u00f4i th\u1ec3 hi\u1ec7n t\u00e2m h\u1ed3n c\u1ee7a \u1ea9m th\u1ef1c Nh\u1eadt B\u1ea3n ngay t\u1ea1i H\u00e0 N\u1ed9i, \u0111\u01b0\u1ee3c d\u1eabn l\u1ed1i b\u1edfi ni\u1ec1m tin r\u1eb1ng \u201cngh\u1ec7 thu\u1eadt \u1ea9m th\u1ef1c l\u00e0 ngh\u1ec1 bi\u1ebfn s\u1ef1 kho\u00e1i c\u1ea3m th\u00e0nh h\u1ea1nh ph\u00fac.\u201d<\/p><\/div>\n<\/div>\n\n\n\n<div class=\"wp-block-uagb-container uagb-block-fca92140\">\n<div class=\"wp-block-uagb-info-box uagb-block-210a180c uagb-infobox__content-wrap  uagb-infobox-icon-above-title uagb-infobox-image-valign-top\"><div class=\"uagb-ifb-content\"><div class=\"uagb-ifb-title-wrap\"><\/div><\/div><\/div>\n<\/div>\n<\/div><\/div>\n\n\n\n<div class=\"wp-block-uagb-container uagb-block-2f3b4186 alignfull uagb-is-root-container\"><div class=\"uagb-container__shape uagb-container__shape-top\"><svg xmlns=\"https:\/\/www.w3.org\/2000\/svg\" viewbox=\"0 0 700 10\" preserveaspectratio=\"none\"><path class=\"uagb-container__shape-fill\" d=\"M350,10L340,0h20L350,10z\"><\/path><\/svg><\/div><div class=\"uagb-container__shape uagb-container__shape-bottom uagb-container__invert\" data-negative=\"false\"><svg xmlns=\"https:\/\/www.w3.org\/2000\/svg\" viewbox=\"0 0 700 10\" preserveaspectratio=\"none\"><path class=\"uagb-container__shape-fill\" d=\"M350,10L340,0h20L350,10z\"><\/path><\/svg><\/div><div class=\"uagb-container-inner-blocks-wrap\">\n<div class=\"wp-block-uagb-container uagb-block-2f433ebb\">\n<div class=\"wp-block-uagb-advanced-heading uagb-block-ffc41725\"><h2 class=\"uagb-heading-text\">Kh\u00f4ng Gian \u2013 S\u1ef1 H\u00f2a H\u1ee3p C\u1ee7a \u0110\u00f4ng v\u00e0 T\u00e2y<\/h2><\/div>\n\n\n\n<div class=\"wp-block-uagb-advanced-heading uagb-block-a92e990b\"><p class=\"uagb-heading-text translation-block\">T\u1ea1i Ishidaya, kh\u00f4ng gian c\u1ee7a ch\u00fang t\u00f4i k\u1ebft h\u1ee3p tinh t\u1ebf gi\u1eefa ngh\u1ec7 thu\u1eadt th\u1ee7 c\u00f4ng truy\u1ec1n th\u1ed1ng Nh\u1eadt B\u1ea3n v\u00e0 phong c\u00e1ch Art Nouveau ch\u00e2u \u00c2u:<br>\nY\u1ebfu t\u1ed1 ph\u01b0\u01a1ng T\u00e2y: K\u00ednh m\u00e0u, nh\u1eefng \u0111\u01b0\u1eddng cong m\u1ec1m m\u1ea1i v\u00e0 \u00e1nh s\u00e1ng \u1ea5m \u00e1p g\u1ee3i nh\u1edb \u0111\u1ebfn th\u1eddi k\u1ef3 Taisho.<br>\nY\u1ebfu t\u1ed1 Nh\u1eadt B\u1ea3n: N\u1ed9i th\u1ea5t g\u1ed7 t\u1ef1 nhi\u00ean, nh\u1eefng m\u00f3n \u0111\u1ed3 s\u01a1n m\u00e0i v\u00e0 c\u00e1c chi ti\u1ebft th\u1ee7 c\u00f4ng tinh x\u1ea3o.<\/p><\/div>\n<\/div>\n\n\n\n<div class=\"wp-block-uagb-container uagb-block-056fa4c5\">\n<div class=\"wp-block-uagb-advanced-heading uagb-block-f5c9d2aa\"><h2 class=\"uagb-heading-text\">Tinh hoa \u1ea9m th\u1ef1c Nh\u1eadt B\u1ea3n<\/h2><\/div>\n\n\n\n<div class=\"wp-block-uagb-advanced-heading uagb-block-3241008c\"><p class=\"uagb-heading-text translation-block\">M\u1ed7i m\u00f3n \u0103n t\u1ea1i Ishidaya \u0111\u1ec1u ph\u1ea3n \u00e1nh s\u1ef1 c\u00e2n b\u1eb1ng tinh t\u1ebf gi\u1eefa h\u01b0\u01a1ng v\u1ecb truy\u1ec1n th\u1ed1ng Nh\u1eadt B\u1ea3n v\u00e0 s\u1ef1 \u0111\u1ed5i m\u1edbi hi\u1ec7n \u0111\u1ea1i:<br>\nCh\u00fang t\u00f4i ch\u1ecdn l\u1ecdc c\u00e1c nguy\u00ean li\u1ec7u theo m\u00f9a, t\u00f4n vinh s\u1ef1 t\u01b0\u01a1i m\u1edbi v\u00e0 b\u1ea3n ch\u1ea5t t\u1ef1 nhi\u00ean c\u1ee7a t\u1eebng th\u00e0nh ph\u1ea7n.<br>\nVi\u1ec7c k\u1ebft h\u1ee3p sake, champagne v\u00e0 r\u01b0\u1ee3u vang l\u00e0m n\u1ed5i b\u1eadt h\u01b0\u01a1ng v\u1ecb c\u1ee7a nh\u1eefng m\u00f3n \u0103n \u0111\u01b0\u1ee3c ch\u1ebf bi\u1ebfn t\u1ec9 m\u1ec9.<\/p><\/div>\n<\/div>\n<\/div><\/div>\n\n\n\n<div class=\"wp-block-uagb-container uagb-block-834b0496 alignfull uagb-is-root-container\"><div class=\"uagb-container-inner-blocks-wrap\">\n<div class=\"wp-block-uagb-container uagb-block-e649222f\">\n<div class=\"wp-block-uagb-info-box uagb-block-027266b3 uagb-infobox__content-wrap  uagb-infobox-icon-above-title uagb-infobox-image-valign-top\"><div class=\"uagb-ifb-content\"><div class=\"uagb-ifb-title-wrap\"><h2 class=\"uagb-ifb-title-prefix\">G\u1eb7p g\u1ee1 v\u1ecb b\u1ebfp tr\u01b0\u1edfng t\u00e0i hoa<\/h2><h5 class=\"uagb-ifb-title\">Ti\u1ec3u s\u1eed<\/h5><\/div><div class=\"uagb-ifb-separator\"><\/div><\/div><\/div>\n\n\n\n<div class=\"wp-block-uagb-advanced-heading uagb-block-682512b4\"><h5 class=\"uagb-heading-text\">Tri\u1ebft l\u00fd c\u1ee7a t\u00f4i l\u00e0...<\/h5><\/div>\n\n\n\n<div id=\"gspb_text-id-gsbp-76bdfb7\" class=\"gspb_text gspb_text-id-gsbp-76bdfb7 translation-block\">\"N\u1ea5u \u0103n l\u00e0 ngh\u1ec7 thu\u1eadt t\u1ea1o ra h\u1ea1nh ph\u00fac t\u1eeb nh\u1eefng m\u00f3n \u0103n ngon, khi\u1ebfn m\u1ecdi ng\u01b0\u1eddi m\u1ec9m c\u01b0\u1eddi qua t\u1eebng m\u00f3n \u0103n\" <br>\n<br>\nSinh n\u0103m 1976 t\u1ea1i th\u00e0nh ph\u1ed1 Yaizu, t\u1ec9nh Shizuoka, Nh\u1eadt B\u1ea3n, anh b\u1eaft \u0111\u1ea7u s\u1ef1 nghi\u1ec7p \u0111\u1ea7u b\u1ebfp t\u1ea1i c\u00e1c nh\u00e0 h\u00e0ng danh ti\u1ebfng nh\u01b0 Nh\u00e0 h\u00e0ng Ph\u00e1p Alaska (Shizuoka), Nh\u00e0 h\u00e0ng Nh\u1eadt B\u1ea3n Hoshikawa (Tokyo), Hatsushima Club (Shizuoka), Grand XIV Hamanako (Shizuoka) v\u00e0 XIV Yamanakako (Yamanashi).<br>\nSau \u0111\u00f3, anh l\u00e0m b\u1ebfp tr\u01b0\u1edfng v\u00e0 t\u00edch l\u0169y kinh nghi\u1ec7m t\u1ea1i c\u00e1c nh\u00e0 h\u00e0ng Nh\u1eadt B\u1ea3n \u1edf Malaysia v\u00e0 Singapore, tr\u01b0\u1edbc khi chuy\u1ec3n \u0111\u1ebfn sinh s\u1ed1ng t\u1ea1i Vi\u1ec7t Nam t\u1eeb n\u0103m 2018.\nAnh \u0111\u00e3 m\u1edf 4 nh\u00e0 h\u00e0ng t\u1ea1i Vi\u1ec7t Nam k\u1ec3 t\u1eeb n\u0103m 2018.<br>\nNgo\u00e0i ra, anh c\u00f2n \u0111\u01b0\u1ee3c \u0111\u00e0o t\u1ea1o v\u1ec1 ngh\u1ec7 thu\u1eadt c\u1eafm hoa Ohara-ryu v\u00e0 nghi th\u1ee9c tr\u00e0 Omotesenke.<br>\nAnh c\u0169ng l\u00e0 \u0111\u1ea7u b\u1ebfp \u0111\u01b0\u1ee3c ch\u1ee9ng nh\u1eadn trong n\u1ea5u \u0103n c\u00e1 n\u00f3c Tokyo v\u00e0 l\u00e0 sommelier r\u01b0\u1ee3u sake.<br>\nM\u1edbi \u0111\u00e2y, anh \u0111\u00e3 m\u1edf nh\u00e0 h\u00e0ng ISHIDAYA th\u1ebf h\u1ec7 th\u1ee9 3 nh\u01b0 m\u1ed9t c\u1ed9t m\u1ed1c quan tr\u1ecdng \u0111\u00e1nh d\u1ea5u 30 n\u0103m s\u1ef1 nghi\u1ec7p l\u00e0m b\u1ebfp c\u1ee7a m\u00ecnh.<\/div>\n<\/div>\n\n\n\n<div class=\"wp-block-uagb-container uagb-block-226e5abc\">\n<div class=\"wp-block-uagb-info-box uagb-block-844708cd uagb-infobox__content-wrap  uagb-infobox-icon-above-title uagb-infobox-image-valign-top\"><div class=\"uagb-ifb-content\"><div class=\"uagb-ifb-image-content\"><img decoding=\"async\" src=\"https:\/\/ishidaya3.vn\/wp-content\/uploads\/2025\/02\/takahiro.png\" alt=\"\" width=\"216\" height=\"325\" loading=\"lazy\"\/><\/div><div class=\"uagb-ifb-title-wrap\"><h3 class=\"uagb-ifb-title\">Takahiro Ishida<\/h3><\/div><p class=\"uagb-ifb-desc\">Founder \/ Head Chef\u200b<\/p><\/div><\/div>\n\n\n\n<div class=\"wp-block-uagb-social-share uagb-social-share__outer-wrap uagb-social-share__layout-horizontal uagb-block-fe2f9c12\">\n<div class=\"wp-block-uagb-social-share-child uagb-ss-repeater uagb-ss__wrapper uagb-block-22ef09f1\"><span class=\"uagb-ss__link\" data-href=\"https:\/\/www.facebook.com\/sharer.php?u=\" tabindex=\"0\" role=\"button\" aria-label=\"facebook\"><span class=\"uagb-ss__source-wrap\"><span class=\"uagb-ss__source-icon\"><svg xmlns=\"https:\/\/www.w3.org\/2000\/svg\" viewbox=\"0 0 320 512\"><path d=\"M279.1 288l14.22-92.66h-88.91v-60.13c0-25.35 12.42-50.06 52.24-50.06h40.42V6.26S260.4 0 225.4 0c-73.22 0-121.1 44.38-121.1 124.7v70.62H22.89V288h81.39v224h100.2V288z\"><\/path><\/svg><\/span><\/span><\/span><\/div>\n\n\n\n<div class=\"wp-block-uagb-social-share-child uagb-ss-repeater uagb-ss__wrapper uagb-block-ffc47a6f\"><span class=\"uagb-ss__link\" data-href=\"https:\/\/twitter.com\/share?url=\" tabindex=\"0\" role=\"button\" aria-label=\"twitter\"><span class=\"uagb-ss__source-wrap\"><span class=\"uagb-ss__source-icon\"><svg xmlns=\"https:\/\/www.w3.org\/2000\/svg\" viewbox=\"0 0 512 512\"><path d=\"M459.4 151.7c.325 4.548 .325 9.097 .325 13.65 0 138.7-105.6 298.6-298.6 298.6-59.45 0-114.7-17.22-161.1-47.11 8.447 .974 16.57 1.299 25.34 1.299 49.06 0 94.21-16.57 130.3-44.83-46.13-.975-84.79-31.19-98.11-72.77 6.498 .974 12.99 1.624 19.82 1.624 9.421 0 18.84-1.3 27.61-3.573-48.08-9.747-84.14-51.98-84.14-102.1v-1.299c13.97 7.797 30.21 12.67 47.43 13.32-28.26-18.84-46.78-51.01-46.78-87.39 0-19.49 5.197-37.36 14.29-52.95 51.65 63.67 129.3 105.3 216.4 109.8-1.624-7.797-2.599-15.92-2.599-24.04 0-57.83 46.78-104.9 104.9-104.9 30.21 0 57.5 12.67 76.67 33.14 23.72-4.548 46.46-13.32 66.6-25.34-7.798 24.37-24.37 44.83-46.13 57.83 21.12-2.273 41.58-8.122 60.43-16.24-14.29 20.79-32.16 39.31-52.63 54.25z\"><\/path><\/svg><\/span><\/span><\/span><\/div>\n\n\n\n<div class=\"wp-block-uagb-social-share-child uagb-ss-repeater uagb-ss__wrapper uagb-block-599af451\"><span class=\"uagb-ss__link\" data-href=\"https:\/\/pinterest.com\/pin\/create\/link\/?url=\" tabindex=\"0\" role=\"button\" aria-label=\"pinterest\"><span class=\"uagb-ss__source-wrap\"><span class=\"uagb-ss__source-icon\"><svg xmlns=\"https:\/\/www.w3.org\/2000\/svg\" viewbox=\"0 0 640 512\"><path d=\"M386.1 228.5c1.834 9.692 3.143 19.38 3.143 31.96C389.2 370.2 315.6 448 204.8 448c-106.1 0-192-85.92-192-192s85.92-192 192-192c51.86 0 95.08 18.86 128.6 50.29l-52.13 50.03c-14.15-13.62-39.03-29.6-76.49-29.6-65.48 0-118.9 54.22-118.9 121.3 0 67.06 53.44 121.3 118.9 121.3 75.96 0 104.5-54.74 108.1-82.77H204.8v-66.01h181.3zm185.4 6.437V179.2h-56v55.73h-55.73v56h55.73v55.73h56v-55.73H627.2v-56h-55.73z\"><\/path><\/svg><\/span><\/span><\/span><\/div>\n\n\n\n<div class=\"wp-block-uagb-social-share-child uagb-ss-repeater uagb-ss__wrapper uagb-block-b89dbbfe\"><span class=\"uagb-ss__link\" data-href=\"https:\/\/www.linkedin.com\/shareArticle?url=\" tabindex=\"0\" role=\"button\" aria-label=\"linkedin\"><span class=\"uagb-ss__source-wrap\"><span class=\"uagb-ss__source-icon\"><svg xmlns=\"https:\/\/www.w3.org\/2000\/svg\" viewbox=\"0 0 448 512\"><path d=\"M224.1 141c-63.6 0-114.9 51.3-114.9 114.9s51.3 114.9 114.9 114.9S339 319.5 339 255.9 287.7 141 224.1 141zm0 189.6c-41.1 0-74.7-33.5-74.7-74.7s33.5-74.7 74.7-74.7 74.7 33.5 74.7 74.7-33.6 74.7-74.7 74.7zm146.4-194.3c0 14.9-12 26.8-26.8 26.8-14.9 0-26.8-12-26.8-26.8s12-26.8 26.8-26.8 26.8 12 26.8 26.8zm76.1 27.2c-1.7-35.9-9.9-67.7-36.2-93.9-26.2-26.2-58-34.4-93.9-36.2-37-2.1-147.9-2.1-184.9 0-35.8 1.7-67.6 9.9-93.9 36.1s-34.4 58-36.2 93.9c-2.1 37-2.1 147.9 0 184.9 1.7 35.9 9.9 67.7 36.2 93.9s58 34.4 93.9 36.2c37 2.1 147.9 2.1 184.9 0 35.9-1.7 67.7-9.9 93.9-36.2 26.2-26.2 34.4-58 36.2-93.9 2.1-37 2.1-147.8 0-184.8zM398.8 388c-7.8 19.6-22.9 34.7-42.6 42.6-29.5 11.7-99.5 9-132.1 9s-102.7 2.6-132.1-9c-19.6-7.8-34.7-22.9-42.6-42.6-11.7-29.5-9-99.5-9-132.1s-2.6-102.7 9-132.1c7.8-19.6 22.9-34.7 42.6-42.6 29.5-11.7 99.5-9 132.1-9s102.7-2.6 132.1 9c19.6 7.8 34.7 22.9 42.6 42.6 11.7 29.5 9 99.5 9 132.1s2.7 102.7-9 132.1z\"><\/path><\/svg><\/span><\/span><\/span><\/div>\n<\/div>\n<\/div>\n<\/div><\/div>\n\n\n\n<div class=\"wp-block-uagb-container uag-hide-desktop uag-hide-tab uag-hide-mob uagb-block-b418cd72 alignfull uagb-is-root-container\"><div class=\"uagb-container-inner-blocks-wrap\">\n<div class=\"wp-block-uagb-advanced-heading uagb-block-6b01e7f0\"><h2 class=\"uagb-heading-text\">Review Us On\u200b<\/h2><\/div>\n\n\n\n<div class=\"wp-block-uagb-social-share uagb-social-share__outer-wrap uagb-social-share__layout-horizontal uagb-block-7267e6e4\">\n<div class=\"wp-block-uagb-social-share-child uagb-ss-repeater uagb-ss__wrapper uagb-block-e40046b7\"><span class=\"uagb-ss__link\" data-href=\"https:\/\/www.facebook.com\/sharer.php?u=\" tabindex=\"0\" role=\"button\" aria-label=\"facebook\"><span class=\"uagb-ss__source-wrap\"><span class=\"uagb-ss__source-icon\"><svg xmlns=\"https:\/\/www.w3.org\/2000\/svg\" viewbox=\"0 0 320 512\"><path d=\"M279.1 288l14.22-92.66h-88.91v-60.13c0-25.35 12.42-50.06 52.24-50.06h40.42V6.26S260.4 0 225.4 0c-73.22 0-121.1 44.38-121.1 124.7v70.62H22.89V288h81.39v224h100.2V288z\"><\/path><\/svg><\/span><\/span><\/span><\/div>\n\n\n\n<div class=\"wp-block-uagb-social-share-child uagb-ss-repeater uagb-ss__wrapper uagb-block-fc550b5a\"><span class=\"uagb-ss__link\" data-href=\"https:\/\/twitter.com\/share?url=\" tabindex=\"0\" role=\"button\" aria-label=\"twitter\"><span class=\"uagb-ss__source-wrap\"><span class=\"uagb-ss__source-icon\"><svg xmlns=\"https:\/\/www.w3.org\/2000\/svg\" viewbox=\"0 0 384 512\"><path d=\"M42.9 240.3l99.62 48.61c19.2 9.4 16.2 37.51-4.5 42.71L30.5 358.5a22.79 22.79 0 0 1 -28.21-19.6 197.2 197.2 0 0 1 9-85.32 22.8 22.8 0 0 1 31.61-13.21zm44 239.3a199.4 199.4 0 0 0 79.42 32.11A22.78 22.78 0 0 0 192.9 490l3.9-110.8c.7-21.3-25.5-31.91-39.81-16.1l-74.21 82.4a22.82 22.82 0 0 0 4.09 34.09zm145.3-109.9l58.81 94a22.93 22.93 0 0 0 34 5.5 198.4 198.4 0 0 0 52.71-67.61A23 23 0 0 0 364.2 370l-105.4-34.26c-20.31-6.5-37.81 15.8-26.51 33.91zm148.3-132.2a197.4 197.4 0 0 0 -50.41-69.31 22.85 22.85 0 0 0 -34 4.4l-62 91.92c-11.9 17.7 4.7 40.61 25.2 34.71L366 268.6a23 23 0 0 0 14.61-31.21zM62.11 30.18a22.86 22.86 0 0 0 -9.9 32l104.1 180.4c11.7 20.2 42.61 11.9 42.61-11.4V22.88a22.67 22.67 0 0 0 -24.5-22.8 320.4 320.4 0 0 0 -112.3 30.1z\"><\/path><\/svg><\/span><\/span><\/span><\/div>\n\n\n\n<div class=\"wp-block-uagb-social-share-child uagb-ss-repeater uagb-ss__wrapper uagb-block-57b1b8c7\"><span class=\"uagb-ss__link\" data-href=\"https:\/\/pinterest.com\/pin\/create\/link\/?url=\" tabindex=\"0\" role=\"button\" aria-label=\"pinterest\"><span class=\"uagb-ss__source-wrap\"><span class=\"uagb-ss__source-icon\"><svg xmlns=\"https:\/\/www.w3.org\/2000\/svg\" viewbox=\"0 0 640 512\"><path d=\"M386.1 228.5c1.834 9.692 3.143 19.38 3.143 31.96C389.2 370.2 315.6 448 204.8 448c-106.1 0-192-85.92-192-192s85.92-192 192-192c51.86 0 95.08 18.86 128.6 50.29l-52.13 50.03c-14.15-13.62-39.03-29.6-76.49-29.6-65.48 0-118.9 54.22-118.9 121.3 0 67.06 53.44 121.3 118.9 121.3 75.96 0 104.5-54.74 108.1-82.77H204.8v-66.01h181.3zm185.4 6.437V179.2h-56v55.73h-55.73v56h55.73v55.73h56v-55.73H627.2v-56h-55.73z\"><\/path><\/svg><\/span><\/span><\/span><\/div>\n<\/div>\n<\/div><\/div>","protected":false},"excerpt":{"rendered":"<p>The name Ishidaya originates from the spirit of Yoshinosuke Ishida, a samurai born in the Meiji era who lived in Yaizu, Shizuoka. In this land where mountains meet the sea, he dedicated his life to bringing nature\u2019s blessings\u2014both from land and ocean\u2014to the people, embodying a philosophy that food connects humanity with nature. The third-generation [&hellip;]<\/p>\n","protected":false},"author":4,"featured_media":0,"parent":0,"menu_order":0,"comment_status":"closed","ping_status":"closed","template":"","meta":{"_gspb_post_css":".gspb_text-id-gsbp-ba8e55e{margin-top:20px!important}","_uag_custom_page_level_css":"","site-sidebar-layout":"no-sidebar","site-content-layout":"plain-container","ast-site-content-layout":"full-width-container","site-content-style":"unboxed","site-sidebar-style":"unboxed","ast-global-header-display":"","ast-banner-title-visibility":"","ast-main-header-display":"","ast-hfb-above-header-display":"","ast-hfb-below-header-display":"","ast-hfb-mobile-header-display":"","site-post-title":"disabled","ast-breadcrumbs-content":"","ast-featured-img":"disabled","footer-sml-layout":"","ast-disable-related-posts":"","theme-transparent-header-meta":"default","adv-header-id-meta":"","stick-header-meta":"","header-above-stick-meta":"","header-main-stick-meta":"","header-below-stick-meta":"","astra-migrate-meta-layouts":"set","ast-page-background-enabled":"default","ast-page-background-meta":{"desktop":{"background-color":"","background-image":"","background-repeat":"repeat","background-position":"center center","background-size":"auto","background-attachment":"scroll","background-type":"","background-media":"","overlay-type":"","overlay-color":"","overlay-opacity":"","overlay-gradient":""},"tablet":{"background-color":"","background-image":"","background-repeat":"repeat","background-position":"center center","background-size":"auto","background-attachment":"scroll","background-type":"","background-media":"","overlay-type":"","overlay-color":"","overlay-opacity":"","overlay-gradient":""},"mobile":{"background-color":"","background-image":"","background-repeat":"repeat","background-position":"center center","background-size":"auto","background-attachment":"scroll","background-type":"","background-media":"","overlay-type":"","overlay-color":"","overlay-opacity":"","overlay-gradient":""}},"ast-content-background-meta":{"desktop":{"background-color":"var(--ast-global-color-5)","background-image":"","background-repeat":"repeat","background-position":"center center","background-size":"auto","background-attachment":"scroll","background-type":"","background-media":"","overlay-type":"","overlay-color":"","overlay-opacity":"","overlay-gradient":""},"tablet":{"background-color":"var(--ast-global-color-5)","background-image":"","background-repeat":"repeat","background-position":"center center","background-size":"auto","background-attachment":"scroll","background-type":"","background-media":"","overlay-type":"","overlay-color":"","overlay-opacity":"","overlay-gradient":""},"mobile":{"background-color":"var(--ast-global-color-5)","background-image":"","background-repeat":"repeat","background-position":"center center","background-size":"auto","background-attachment":"scroll","background-type":"","background-media":"","overlay-type":"","overlay-color":"","overlay-opacity":"","overlay-gradient":""}},"footnotes":""},"class_list":["post-533","page","type-page","status-publish","hentry"],"uagb_featured_image_src":{"full":false,"thumbnail":false,"medium":false,"medium_large":false,"large":false,"etfrtb_logo":false,"1536x1536":false,"2048x2048":false,"trp-custom-language-flag":false},"uagb_author_info":{"display_name":"Ishiday3","author_link":"https:\/\/ishidaya3.vn\/vi\/author\/superadmin_wfc\/"},"uagb_comment_info":0,"uagb_excerpt":"The name Ishidaya originates from the spirit of Yoshinosuke Ishida, a samurai born in the Meiji era who lived in Yaizu, Shizuoka. In this land where mountains meet the sea, he dedicated his life to bringing nature\u2019s blessings\u2014both from land and ocean\u2014to the people, embodying a philosophy that food connects humanity with nature. The third-generation&hellip;","_links":{"self":[{"href":"https:\/\/ishidaya3.vn\/vi\/wp-json\/wp\/v2\/pages\/533","targetHints":{"allow":["GET"]}}],"collection":[{"href":"https:\/\/ishidaya3.vn\/vi\/wp-json\/wp\/v2\/pages"}],"about":[{"href":"https:\/\/ishidaya3.vn\/vi\/wp-json\/wp\/v2\/types\/page"}],"author":[{"embeddable":true,"href":"https:\/\/ishidaya3.vn\/vi\/wp-json\/wp\/v2\/users\/4"}],"replies":[{"embeddable":true,"href":"https:\/\/ishidaya3.vn\/vi\/wp-json\/wp\/v2\/comments?post=533"}],"version-history":[{"count":153,"href":"https:\/\/ishidaya3.vn\/vi\/wp-json\/wp\/v2\/pages\/533\/revisions"}],"predecessor-version":[{"id":5213,"href":"https:\/\/ishidaya3.vn\/vi\/wp-json\/wp\/v2\/pages\/533\/revisions\/5213"}],"wp:attachment":[{"href":"https:\/\/ishidaya3.vn\/vi\/wp-json\/wp\/v2\/media?parent=533"}],"curies":[{"name":"wp","href":"https:\/\/api.w.org\/{rel}","templated":true}]}}